{"id":12491,"date":"2025-10-13T09:47:33","date_gmt":"2025-10-13T06:47:33","guid":{"rendered":"https:\/\/luxhoron.com\/product\/panerai-luminor-16\/"},"modified":"2025-12-16T20:34:03","modified_gmt":"2025-12-16T17:34:03","slug":"panerai-luminor-16","status":"publish","type":"product","link":"https:\/\/luxhoron.com\/fr\/product\/panerai-luminor-16\/","title":{"rendered":"Panerai Luminor"},"content":{"rendered":"<p>Paul -Herrenuhr<br \/>Stil &#8211; Klassiker<\/p>\n<p><strong>MECHANISMUS<\/strong><\/p>\n<p>Mechanismus &#8211; Schweiz<br \/>Typ des Mechanismus &#8211; Mechanik mit automatischem Aufzug<br \/>Funktionen Stunden-und Minutenzeiger, Sekundenzeiger, Datum, GMT,<br \/>Gangreserve von Etwa 42 Stunden<\/p>\n<p><strong>ZIFFERBLATT<\/strong><\/p>\n<p>Glas &#8211; Saphirglas<br \/>Zifferblatt &#8211; Glatte<br \/>Farbe Ziffernblatt -Schwarz<br \/>Indexen &#8211; Arabische <\/p>\n<p><strong>GEH\u00c4USE<\/strong><\/p>\n<p>&#8211; Material Geh\u00e4use -Titan <br \/>Geh\u00e4use-Farbe &#8211; Braun<br \/>Geh\u00e4useform &#8211; Rund<br \/>Geh\u00e4usedurchmesser -44 mm<br \/>Material L\u00fcnette &#8211; Titan <br \/>Wasserdicht Bis 10 ATM.<\/p>\n<p><strong>ARMBAND<\/strong><\/p>\n<p>&#8211; Armband &#8211; Leder<br \/>Verschluss &#8211; Klassische schlie\u00dfe<\/br><\/br><\/br><\/br><\/br><\/br><\/br><\/br><\/br><\/br><\/br><\/br><\/br><\/br><\/br><\/br><\/br><\/br><\/br><\/br><\/br><\/br><\/br><\/br><\/br><\/br><\/br><\/br><\/br><br \/>Paul -Herrenuhr<br \/>Stil &#8211; Klassiker<\/p>\n<p><strong>MECHANISMUS<\/strong><\/p>\n<p>Mechanismus &#8211; Schweiz<br \/>Typ des Mechanismus &#8211; Mechanik mit automatischem Aufzug<br \/>Funktionen Stunden-und Minutenzeiger, Sekundenzeiger, Datum, GMT<br \/>Gangreserve von Etwa 42 Stunden<\/p>\n<p><strong>ZIFFERBLATT<\/strong><\/p>\n<p>Glas &#8211; Saphirglas<br \/>Zifferblatt &#8211; Glatte<br \/>Farbe Ziffernblatt -Schwarz<br \/>Indexen &#8211; Arabische <\/p>\n<p><strong>GEH\u00c4USE<\/strong><\/p>\n<p>&#8211; Material Geh\u00e4use -Titan <br \/>Geh\u00e4use-Farbe &#8211; Braun<br \/>Geh\u00e4useform &#8211; Rund<br \/>Geh\u00e4usedurchmesser -44 mm<br \/>Material L\u00fcnette &#8211; Titan <br \/>Wasserdicht Bis 10 ATM.<\/p>\n<p><strong>ARMBAND<\/strong><\/p>\n<p>&#8211; Armband &#8211; Leder<br \/>Verschluss &#8211; der Klassische Verschluss<\/br><\/br><\/br><\/br><\/br><\/br><\/br><\/br><\/br><\/br><\/br><\/br><\/br><\/br><\/br><\/br><\/br><\/br><\/br><\/br><\/br><\/br><\/br><\/br><\/br><\/br><\/br><\/br><\/br><\/p>","protected":false},"excerpt":{"rendered":"<p>Paul -HerrenuhrStil &#8211; Klassiker MECHANISMUS Mechanismus &#8211; SchweizTyp des Mechanismus &#8211; Mechanik mit automatischem AufzugFunktionen Stunden-und Minutenzeiger, Sekundenzeiger, Datum, GMT,Gangreserve von Etwa 42 Stunden ZIFFERBLATT Glas &#8211; SaphirglasZifferblatt &#8211; GlatteFarbe Ziffernblatt -SchwarzIndexen &#8211; Arabische GEH\u00c4USE &#8211; Material Geh\u00e4use -Titan Geh\u00e4use-Farbe &#8211; BraunGeh\u00e4useform &#8211; RundGeh\u00e4usedurchmesser -44 mmMaterial L\u00fcnette &#8211; Titan Wasserdicht Bis 10 ATM. ARMBAND &#8211; [&hellip;]<\/p>","protected":false},"featured_media":12492,"template":"","meta":{"_acf_changed":false,"inline_featured_image":false},"product_brand":[],"product_cat":[1616,1400,1068],"product_tag":[],"class_list":{"0":"post-12491","1":"product","2":"type-product","3":"status-publish","4":"has-post-thumbnail","6":"product_cat-luminor","7":"product_cat-panerai","8":"product_cat-uhr","9":"pa_armband-leder","10":"pa_farbe-des-zifferblatts-schwarz","11":"pa_form-des-gehaeuses-round","12":"pa_funktionen-die-stunden-und-minutenzeiger-sekundenzeiger-datum-gmt","13":"pa_gangreserve-ungefaehr-42-stunden","14":"pa_gehaeusedurchmesser-44-mm","15":"pa_gehaeusefarbe-braun","16":"pa_gehaeusematerial-titan","17":"pa_geschlecht-mens-watch-style","18":"pa_material-luenette-titan","19":"pa_stil-klassiker","20":"pa_stundenmarker-arabische","21":"pa_typ-des-mechanismus-mechanik-mit-automatischem-aufzug","22":"pa_verschluss-der-klassische-verschluss","23":"pa_zifferblatt-glatt","25":"first","26":"instock","27":"purchasable","28":"product-type-simple"},"acf":[],"_links":{"self":[{"href":"https:\/\/luxhoron.com\/fr\/wp-json\/wp\/v2\/product\/12491","targetHints":{"allow":["GET"]}}],"collection":[{"href":"https:\/\/luxhoron.com\/fr\/wp-json\/wp\/v2\/product"}],"about":[{"href":"https:\/\/luxhoron.com\/fr\/wp-json\/wp\/v2\/types\/product"}],"wp:featuredmedia":[{"embeddable":true,"href":"https:\/\/luxhoron.com\/fr\/wp-json\/wp\/v2\/media\/12492"}],"wp:attachment":[{"href":"https:\/\/luxhoron.com\/fr\/wp-json\/wp\/v2\/media?parent=12491"}],"wp:term":[{"taxonomy":"product_brand","embeddable":true,"href":"https:\/\/luxhoron.com\/fr\/wp-json\/wp\/v2\/product_brand?post=12491"},{"taxonomy":"product_cat","embeddable":true,"href":"https:\/\/luxhoron.com\/fr\/wp-json\/wp\/v2\/product_cat?post=12491"},{"taxonomy":"product_tag","embeddable":true,"href":"https:\/\/luxhoron.com\/fr\/wp-json\/wp\/v2\/product_tag?post=12491"}],"curies":[{"name":"wp","href":"https:\/\/api.w.org\/{rel}","templated":true}]}}