{"id":12460,"date":"2025-10-13T09:43:53","date_gmt":"2025-10-13T06:43:53","guid":{"rendered":"https:\/\/luxhoron.com\/product\/panerai-luminor-5\/"},"modified":"2025-12-16T20:34:04","modified_gmt":"2025-12-16T17:34:04","slug":"panerai-luminor-5","status":"publish","type":"product","link":"https:\/\/luxhoron.com\/fr\/product\/panerai-luminor-5\/","title":{"rendered":"Panerai Luminor"},"content":{"rendered":"<p>Kollektion Luminor<br \/>Paul -Herrenuhr<br \/>Stil &#8211; Klassiker<\/p>\n<p><strong>MECHANISMUS<\/strong><br \/>Mechanismus &#8211; Schweiz<br \/>Typ des Mechanismus &#8211; Mechanik mit automatischem Aufzug<br \/>Kaliber Mechanismus &#8211; Panerai cal. P. 9010<br \/>Funktionen -Stunden-und Minutenzeiger, Sekundenzeiger, Datum<br \/>Gangreserve von Etwa 42 Stunden<\/p>\n<p><strong>ZIFFERBLATT<\/strong><br \/>Glas &#8211; Saphirglas<br \/>Zifferblatt &#8211; Glatte<br \/>Farbe Zifferblatt Schwarz<br \/>Indexe Arabische Ziffern, Zeiger, Bedeckt \u0441\u0432\u0435\u0442\u043e\u043d\u0430\u043a\u043e\u043f\u0438\u0442\u0435\u043b\u0435\u043c SuperLuminova<\/p>\n<p><strong>GEH\u00c4USE<\/strong><br \/>&#8211; Material Geh\u00e4use &#8211; Carbon<br \/>Farbe des Geh\u00e4uses Schwarz<br \/>Form des Geh\u00e4uses &#8211; Rund<br \/>Geh\u00e4usedurchmesser -44 mm<br \/>Material L\u00fcnette &#8211; Carbon<br \/>Wasserdicht Bis 10 ATM.<\/p>\n<p><strong>ARMBAND<\/strong><br \/>&#8211; Armband -Kautschuk, Nylon &#8211;<br \/>Rei\u00dfverschluss &#8211; Klassische Verschluss<\/br><\/br><\/br><\/br><\/br><\/br><\/br><\/br><\/br><\/br><\/br><\/br><\/br><\/br><\/br><\/br><\/br><\/br><\/br><\/br><\/br><\/br><\/br><\/br><\/br><\/br><\/br><br \/> -Sammlung-Luminor<br \/>Paul -Herrenuhr<br \/>Stil &#8211; Klassiker<\/p>\n<p><strong>MECHANISMUS<\/strong><br \/>Mechanismus &#8211; Schweiz<br \/>Typ des Mechanismus &#8211; Mechanik mit automatischem Aufzug<br \/>Kaliber Mechanismus &#8211; Panerai cal. P. 9010<br \/>Funktionen -Stunden-und Minutenzeiger, Sekundenzeiger, Datum<br \/>Gangreserve von Etwa 42 Stunden<\/p>\n<p><strong>ZIFFERBLATT<\/strong><br \/>Glas &#8211; Saphirglas<br \/>Zifferblatt &#8211; Glatte<br \/>Farbe Zifferblatt Schwarz<br \/>Indexe Arabische Ziffern, Zeiger, Bedeckt \u0441\u0432\u0435\u0442\u043e\u043d\u0430\u043a\u043e\u043f\u0438\u0442\u0435\u043b\u0435\u043c SuperLuminova<\/p>\n<p><strong>GEH\u00c4USE<\/strong><br \/>&#8211; Material Geh\u00e4use &#8211; Carbon<br \/>Farbe des Geh\u00e4uses Schwarz<br \/>Form des Geh\u00e4uses &#8211; Rund<br \/>Geh\u00e4usedurchmesser -44 mm<br \/>Material L\u00fcnette &#8211; Carbon<br \/>Wasserdicht Bis 10 ATM.<\/p>\n<p><strong>ARMBAND<\/strong><br \/>&#8211; Armband -Kautschuk, Nylon &#8211;<br \/>Rei\u00dfverschluss &#8211; Klassische Verschluss<\/br><\/br><\/br><\/br><\/br><\/br><\/br><\/br><\/br><\/br><\/br><\/br><\/br><\/br><\/br><\/br><\/br><\/br><\/br><\/br><\/br><\/br><\/br><\/br><\/br><\/br><\/br><\/p>","protected":false},"excerpt":{"rendered":"<p>Kollektion LuminorPaul -HerrenuhrStil &#8211; Klassiker MECHANISMUSMechanismus &#8211; SchweizTyp des Mechanismus &#8211; Mechanik mit automatischem AufzugKaliber Mechanismus &#8211; Panerai cal. P. 9010Funktionen -Stunden-und Minutenzeiger, Sekundenzeiger, DatumGangreserve von Etwa 42 Stunden ZIFFERBLATTGlas &#8211; SaphirglasZifferblatt &#8211; GlatteFarbe Zifferblatt SchwarzIndexe Arabische Ziffern, Zeiger, Bedeckt \u0441\u0432\u0435\u0442\u043e\u043d\u0430\u043a\u043e\u043f\u0438\u0442\u0435\u043b\u0435\u043c SuperLuminova GEH\u00c4USE&#8211; Material Geh\u00e4use &#8211; CarbonFarbe des Geh\u00e4uses SchwarzForm des Geh\u00e4uses &#8211; RundGeh\u00e4usedurchmesser -44 [&hellip;]<\/p>","protected":false},"featured_media":12461,"template":"","meta":{"_acf_changed":false,"inline_featured_image":false},"product_brand":[],"product_cat":[1616,1400,1068],"product_tag":[],"class_list":{"0":"post-12460","1":"product","2":"type-product","3":"status-publish","4":"has-post-thumbnail","6":"product_cat-luminor","7":"product_cat-panerai","8":"product_cat-uhr","9":"pa_armband-rubber-nylon","10":"pa_farbe-des-zifferblatts-schwarz","11":"pa_form-des-gehaeuses-round","12":"pa_funktionen-die-stunden-und-minutenzeiger-sekundenzeiger-datum","13":"pa_gangreserve-ungefaehr-42-stunden","14":"pa_gehaeusedurchmesser-44-mm","15":"pa_gehaeusefarbe-schwarz","16":"pa_gehaeusematerial-carbon","17":"pa_geschlecht-herrenuhr","18":"pa_kaliber-mechanismus-panerai-cal-p-9010","19":"pa_material-luenette-carbon","20":"pa_sammlung-luminor","21":"pa_stil-klassiker","22":"pa_stundenmarker-arabische-ziffern-zeiger-bedeckt-svetonakopitelem-superluminova","23":"pa_typ-des-mechanismus-mechanik-mit-automatischem-aufzug","24":"pa_verschluss-der-klassische-verschluss","25":"pa_zifferblatt-glatt","27":"first","28":"instock","29":"purchasable","30":"product-type-simple"},"acf":[],"_links":{"self":[{"href":"https:\/\/luxhoron.com\/fr\/wp-json\/wp\/v2\/product\/12460","targetHints":{"allow":["GET"]}}],"collection":[{"href":"https:\/\/luxhoron.com\/fr\/wp-json\/wp\/v2\/product"}],"about":[{"href":"https:\/\/luxhoron.com\/fr\/wp-json\/wp\/v2\/types\/product"}],"wp:featuredmedia":[{"embeddable":true,"href":"https:\/\/luxhoron.com\/fr\/wp-json\/wp\/v2\/media\/12461"}],"wp:attachment":[{"href":"https:\/\/luxhoron.com\/fr\/wp-json\/wp\/v2\/media?parent=12460"}],"wp:term":[{"taxonomy":"product_brand","embeddable":true,"href":"https:\/\/luxhoron.com\/fr\/wp-json\/wp\/v2\/product_brand?post=12460"},{"taxonomy":"product_cat","embeddable":true,"href":"https:\/\/luxhoron.com\/fr\/wp-json\/wp\/v2\/product_cat?post=12460"},{"taxonomy":"product_tag","embeddable":true,"href":"https:\/\/luxhoron.com\/fr\/wp-json\/wp\/v2\/product_tag?post=12460"}],"curies":[{"name":"wp","href":"https:\/\/api.w.org\/{rel}","templated":true}]}}