{"id":12424,"date":"2025-10-13T09:43:53","date_gmt":"2025-10-13T06:43:53","guid":{"rendered":"https:\/\/luxhoron.com\/product\/panerai-luminor-2\/"},"modified":"2025-12-16T20:34:03","modified_gmt":"2025-12-16T17:34:03","slug":"panerai-luminor-2","status":"publish","type":"product","link":"https:\/\/luxhoron.com\/fr\/product\/panerai-luminor-2\/","title":{"rendered":"Panerai Luminor"},"content":{"rendered":"<p>Kollektion Luminor 1950 <\/p>\n<p> &#8211; Boden -Herrenuhr <\/p>\n<p> Stil &#8211; Klassiker <\/p>\n<p> <strong><strong>MECHANISMUS<\/strong><\/strong> <\/p>\n<p> Mechanismus &#8211; Schweiz <\/p>\n<p> Typ des Mechanismus &#8211; Mechanik mit automatischem Aufzug <\/p>\n<p> Funktionen Stunden-und Minutenzeiger, Sekundenzeiger, Datum, GMT <\/p>\n<p> Gangreserve von Etwa 42 Stunden <\/p>\n<p> <strong><strong>ZIFFERBLATT<\/strong><\/strong> <\/p>\n<p> Glas &#8211; Saphirglas <\/p>\n<p> Zifferblatt &#8211; ein Schlankes <\/p>\n<p> Zifferblatt Farbe -Blau <\/p>\n<p> Indexe &#8211; Zeiger <\/p>\n<p> <strong><strong>GEH\u00c4USE<\/strong><\/strong> <\/p>\n<p> &#8211; Material Geh\u00e4use -Edelstahl 316L <\/p>\n<p> Geh\u00e4use-Farbe -Stahl &#8211; <\/p>\n<p> Geh\u00e4useform &#8211; Rund <\/p>\n<p> Geh\u00e4usedurchmesser -47 mm <\/p>\n<p> Material L\u00fcnette Stahl <\/p>\n<p> Wasserdicht Bis 10 ATM. <\/p>\n<p> <strong><strong>ARMBAND<\/strong><\/strong> <\/p>\n<p> &#8211; Armband &#8211; Leder <\/p>\n<p> Verschluss &#8211; der Klassische Verschluss <br \/> <\/br><\/br><\/br><\/br><\/br><\/br><\/br><\/br><\/br><\/br><\/br><\/br><\/br><\/br><\/br><\/br><\/br><\/br><\/br><\/br><\/br><\/br><\/br><\/br><\/br><\/br><\/br><\/br><\/br><\/br><\/br><\/br><\/br><\/br><\/br><\/br><\/br><\/br><\/br><\/br><\/br><\/br><\/br><\/br><\/br><br \/> -Sammlung-Luminor 1950 <\/p>\n<p> Boden -Herrenuhr <\/p>\n<p> Stil &#8211; Klassiker <\/p>\n<p> <strong><strong>MECHANISMUS<\/strong><\/strong> <\/p>\n<p> Mechanismus &#8211; Schweiz <\/p>\n<p> Typ des Mechanismus &#8211; Mechanik mit automatischem Aufzug <\/p>\n<p> Funktionen Stunden-und Minutenzeiger, Sekundenzeiger, Datum, GMT <\/p>\n<p> Gangreserve von Etwa 42 Stunden <\/p>\n<p> <strong><strong>ZIFFERBLATT<\/strong><\/strong> <\/p>\n<p> Glas &#8211; Saphirglas <\/p>\n<p> Zifferblatt &#8211; ein Schlankes <\/p>\n<p> Zifferblatt Farbe -Blau <\/p>\n<p> Indexe &#8211; Zeiger <\/p>\n<p> <strong><strong>GEH\u00c4USE<\/strong><\/strong> <\/p>\n<p> &#8211; Material Geh\u00e4use -Edelstahl 316L <\/p>\n<p> Geh\u00e4use-Farbe -Stahl &#8211; <\/p>\n<p> Geh\u00e4useform &#8211; Rund <\/p>\n<p> Geh\u00e4usedurchmesser -47 mm <\/p>\n<p> Material L\u00fcnette Stahl <\/p>\n<p> Wasserdicht Bis 10 ATM. <\/p>\n<p> <strong><strong>ARMBAND<\/strong><\/strong> <\/p>\n<p> &#8211; Armband &#8211; Leder <\/p>\n<p> Verschluss &#8211; der Klassische Verschluss <br \/> <\/br><\/br><\/br><\/br><\/br><\/br><\/br><\/br><\/br><\/br><\/br><\/br><\/br><\/br><\/br><\/br><\/br><\/br><\/br><\/br><\/br><\/br><\/br><\/br><\/br><\/br><\/br><\/br><\/br><\/br><\/br><\/br><\/br><\/br><\/br><\/br><\/br><\/br><\/br><\/br><\/br><\/br><\/br><\/br><\/br><\/p>","protected":false},"excerpt":{"rendered":"<p>Kollektion Luminor 1950 &#8211; Boden -Herrenuhr Stil &#8211; Klassiker MECHANISMUS Mechanismus &#8211; Schweiz Typ des Mechanismus &#8211; Mechanik mit automatischem Aufzug Funktionen Stunden-und Minutenzeiger, Sekundenzeiger, Datum, GMT Gangreserve von Etwa 42 Stunden ZIFFERBLATT Glas &#8211; Saphirglas Zifferblatt &#8211; ein Schlankes Zifferblatt Farbe -Blau Indexe &#8211; Zeiger GEH\u00c4USE &#8211; Material Geh\u00e4use -Edelstahl 316L Geh\u00e4use-Farbe -Stahl &#8211; [&hellip;]<\/p>","protected":false},"featured_media":12425,"template":"","meta":{"_acf_changed":false,"inline_featured_image":false},"product_brand":[],"product_cat":[1616,1400,1068],"product_tag":[],"class_list":{"0":"post-12424","1":"product","2":"type-product","3":"status-publish","4":"has-post-thumbnail","6":"product_cat-luminor","7":"product_cat-panerai","8":"product_cat-uhr","9":"pa_armband-leder","10":"pa_farbe-silber","11":"pa_farbe-des-zifferblatts-blau","12":"pa_form-des-gehaeuses-round","13":"pa_funktionen-die-stunden-und-minutenzeiger-sekundenzeiger-datum-gmt","14":"pa_gangreserve-ungefaehr-42-stunden","15":"pa_gehaeusedurchmesser-47-mm","16":"pa_gehaeusefarbe-stahl","17":"pa_gehaeusematerial-polierter-stahl-316l","18":"pa_geschlecht-herrenuhr","19":"pa_material-luenette-stahl","20":"pa_sammlung-luminor-1950","21":"pa_stil-klassiker","22":"pa_stundenmarker-zeiger","23":"pa_typ-leder","24":"pa_typ-des-mechanismus-mechanik-mit-automatischem-aufzug","25":"pa_verschluss-der-klassische-verschluss","26":"pa_zifferblatt-glatt","28":"first","29":"instock","30":"purchasable","31":"product-type-simple"},"acf":[],"_links":{"self":[{"href":"https:\/\/luxhoron.com\/fr\/wp-json\/wp\/v2\/product\/12424","targetHints":{"allow":["GET"]}}],"collection":[{"href":"https:\/\/luxhoron.com\/fr\/wp-json\/wp\/v2\/product"}],"about":[{"href":"https:\/\/luxhoron.com\/fr\/wp-json\/wp\/v2\/types\/product"}],"wp:featuredmedia":[{"embeddable":true,"href":"https:\/\/luxhoron.com\/fr\/wp-json\/wp\/v2\/media\/12425"}],"wp:attachment":[{"href":"https:\/\/luxhoron.com\/fr\/wp-json\/wp\/v2\/media?parent=12424"}],"wp:term":[{"taxonomy":"product_brand","embeddable":true,"href":"https:\/\/luxhoron.com\/fr\/wp-json\/wp\/v2\/product_brand?post=12424"},{"taxonomy":"product_cat","embeddable":true,"href":"https:\/\/luxhoron.com\/fr\/wp-json\/wp\/v2\/product_cat?post=12424"},{"taxonomy":"product_tag","embeddable":true,"href":"https:\/\/luxhoron.com\/fr\/wp-json\/wp\/v2\/product_tag?post=12424"}],"curies":[{"name":"wp","href":"https:\/\/api.w.org\/{rel}","templated":true}]}}