{"id":12384,"date":"2025-10-13T09:43:53","date_gmt":"2025-10-13T06:43:53","guid":{"rendered":"https:\/\/luxhoron.com\/product\/audemars-piguet-royal-oak-tourbillon-41-mm-19\/"},"modified":"2025-12-16T20:13:26","modified_gmt":"2025-12-16T17:13:26","slug":"audemars-piguet-royal-oak-tourbillon-41-mm-19","status":"publish","type":"product","link":"https:\/\/luxhoron.com\/fr\/product\/audemars-piguet-royal-oak-tourbillon-41-mm-19\/","title":{"rendered":"Audemars Piguet Royal Oak Tourbillon 41 mm"},"content":{"rendered":"<p>Collection-Royal Oak Extra-Thin Tourbillon<br \/>Paul -Herrenuhr<br \/>Stil &#8211; Klassiker<\/p>\n<p><strong>MECHANISMUS<\/strong><\/p>\n<p>Mechanismus &#8211; Schweiz<br \/>Typ des Mechanismus -Mechanik mit Handaufzug<br \/>Funktionen -Stunden-und Minutenzeiger, Tourbillon<br \/>Gangreserve von Etwa 42 Stunden<\/p>\n<p><strong>ZIFFERBLATT<\/strong><\/p>\n<p>Glas &#8211; Saphirglas<br \/>Zifferblatt -Guilloche &#8211;<br \/>Zifferblatt Farbe -Schwarz<br \/>Indexe -Zeiger<\/p>\n<p><strong>GEH\u00c4USE<\/strong><\/p>\n<p>&#8211; Material Geh\u00e4use -Edelstahl 316L<br \/>Geh\u00e4use-Farbe &#8211; Stahl &#8211;<br \/>Geh\u00e4useform &#8211; Rund<br \/>Geh\u00e4usedurchmesser -41 mm<br \/>L\u00fcnette -Feste<br \/>Material L\u00fcnette -Polierter Stahl<br \/>Wasserdicht Bis 5 ATM.<\/p>\n<p><strong>ARMBAND<\/strong><\/p>\n<p>&#8211; Armband &#8211; Stahl &#8211;<br \/>Verschluss &#8211; Branded ausziehbares Clip<\/br><\/br><\/br><\/br><\/br><\/br><\/br><\/br><\/br><\/br><\/br><\/br><\/br><\/br><\/br><\/br><\/br><\/br><\/br><\/br><\/br><\/br><\/br><\/br><\/br><\/br><\/br><\/br><\/br><\/br><\/br><\/br><\/br><\/br><\/br><br \/>Collection-Royal Oak Extra-Thin Tourbillon<br \/>Paul -Herrenuhr<br \/>Stil &#8211; Klassiker<\/p>\n<p><strong>MECHANISMUS<\/strong><\/p>\n<p>Mechanismus &#8211; Schweiz<br \/>Typ des Mechanismus -Mechanik mit Handaufzug<br \/>Funktionen -Stunden-und Minutenzeiger, Tourbillon<br \/>Gangreserve von Etwa 42 Stunden<\/p>\n<p><strong>ZIFFERBLATT<\/strong><\/p>\n<p>Glas &#8211; Saphirglas<br \/>Zifferblatt -Guilloche &#8211;<br \/>Zifferblatt Farbe -Schwarz<br \/>Indexe -Zeiger<\/p>\n<p><strong>GEH\u00c4USE<\/strong><\/p>\n<p>&#8211; Material Geh\u00e4use -Edelstahl 316L<br \/>Geh\u00e4use-Farbe &#8211; Stahl &#8211;<br \/>Geh\u00e4useform &#8211; Rund<br \/>Geh\u00e4usedurchmesser -41 mm<br \/>L\u00fcnette -Feste<br \/>Material L\u00fcnette -Polierter Stahl<br \/>Wasserdicht Bis 5 ATM.<\/p>\n<p><strong>ARMBAND<\/strong><\/p>\n<p>&#8211; Armband &#8211; Stahl &#8211;<br \/>Verschluss &#8211; Branded ausziehbares Clip<\/br><\/br><\/br><\/br><\/br><\/br><\/br><\/br><\/br><\/br><\/br><\/br><\/br><\/br><\/br><\/br><\/br><\/br><\/br><\/br><\/br><\/br><\/br><\/br><\/br><\/br><\/br><\/br><\/br><\/br><\/br><\/br><\/br><\/br><\/br><\/p>","protected":false},"excerpt":{"rendered":"<p>Collection-Royal Oak Extra-Thin TourbillonPaul -HerrenuhrStil &#8211; Klassiker MECHANISMUS Mechanismus &#8211; SchweizTyp des Mechanismus -Mechanik mit HandaufzugFunktionen -Stunden-und Minutenzeiger, TourbillonGangreserve von Etwa 42 Stunden ZIFFERBLATT Glas &#8211; SaphirglasZifferblatt -Guilloche &#8211;Zifferblatt Farbe -SchwarzIndexe -Zeiger GEH\u00c4USE &#8211; Material Geh\u00e4use -Edelstahl 316LGeh\u00e4use-Farbe &#8211; Stahl &#8211;Geh\u00e4useform &#8211; RundGeh\u00e4usedurchmesser -41 mmL\u00fcnette -FesteMaterial L\u00fcnette -Polierter StahlWasserdicht Bis 5 ATM. ARMBAND &#8211; Armband [&hellip;]<\/p>","protected":false},"featured_media":12385,"template":"","meta":{"_acf_changed":false,"inline_featured_image":false},"product_brand":[],"product_cat":[1104,1601,1068],"product_tag":[],"class_list":{"0":"post-12384","1":"product","2":"type-product","3":"status-publish","4":"has-post-thumbnail","6":"product_cat-audemars-piguet","7":"product_cat-royal-oak-tourbullon","8":"product_cat-uhr","9":"pa_armband-stahl","10":"pa_farbe-des-zifferblatts-schwarz","11":"pa_form-des-gehaeuses-round","12":"pa_funktionen-die-stunden-und-minutenzeiger-kleine-sekunde","13":"pa_gangreserve-ungefaehr-42-stunden","14":"pa_gehaeusedurchmesser-41-mm","15":"pa_gehaeusefarbe-stahl","16":"pa_gehaeusematerial-polierter-stahl-316l","17":"pa_geschlecht-herrenuhr","18":"pa_material-luenette-polierter-stahl","19":"pa_sammlung-royal-oak-extra-thin-tourbillon","20":"pa_stil-klassiker","21":"pa_stundenmarker-zeiger","22":"pa_typ-des-mechanismus-mechanik-mit-handaufzug","23":"pa_verschluss-branded-ausziehbares-clip","24":"pa_zifferblatt-guillochiert","26":"first","27":"instock","28":"purchasable","29":"product-type-simple"},"acf":[],"_links":{"self":[{"href":"https:\/\/luxhoron.com\/fr\/wp-json\/wp\/v2\/product\/12384","targetHints":{"allow":["GET"]}}],"collection":[{"href":"https:\/\/luxhoron.com\/fr\/wp-json\/wp\/v2\/product"}],"about":[{"href":"https:\/\/luxhoron.com\/fr\/wp-json\/wp\/v2\/types\/product"}],"wp:featuredmedia":[{"embeddable":true,"href":"https:\/\/luxhoron.com\/fr\/wp-json\/wp\/v2\/media\/12385"}],"wp:attachment":[{"href":"https:\/\/luxhoron.com\/fr\/wp-json\/wp\/v2\/media?parent=12384"}],"wp:term":[{"taxonomy":"product_brand","embeddable":true,"href":"https:\/\/luxhoron.com\/fr\/wp-json\/wp\/v2\/product_brand?post=12384"},{"taxonomy":"product_cat","embeddable":true,"href":"https:\/\/luxhoron.com\/fr\/wp-json\/wp\/v2\/product_cat?post=12384"},{"taxonomy":"product_tag","embeddable":true,"href":"https:\/\/luxhoron.com\/fr\/wp-json\/wp\/v2\/product_tag?post=12384"}],"curies":[{"name":"wp","href":"https:\/\/api.w.org\/{rel}","templated":true}]}}