{"id":12333,"date":"2025-10-13T09:41:16","date_gmt":"2025-10-13T06:41:16","guid":{"rendered":"https:\/\/luxhoron.com\/product\/audemars-piguet-royal-oak-tourbillon-41-mm-10\/"},"modified":"2025-12-16T20:13:27","modified_gmt":"2025-12-16T17:13:27","slug":"audemars-piguet-royal-oak-tourbillon-41-mm-10","status":"publish","type":"product","link":"https:\/\/luxhoron.com\/fr\/product\/audemars-piguet-royal-oak-tourbillon-41-mm-10\/","title":{"rendered":"Audemars Piguet Royal Oak Tourbillon 41 mm"},"content":{"rendered":"<p>Collection-Royal Oak Extra-Thin Tourbillon<\/p>\n<p>Paul -Herrenuhr<\/p>\n<p>Stil &#8211; Klassiker<\/p>\n<p><strong>MECHANISMUS<\/strong><\/p>\n<p>Mechanismus &#8211; Schweiz<\/p>\n<p>Typ des Mechanismus -Mechanik mit Handaufzug<\/p>\n<p>Funktionen -Stunden-und Minutenzeiger, Tourbillon<\/p>\n<p>Gangreserve von Etwa 42 Stunden<\/p>\n<p><strong>ZIFFERBLATT<\/strong><\/p>\n<p>Glas &#8211; Saphirglas<\/p>\n<p>Zifferblatt -Guilloche &#8211;<\/p>\n<p>Zifferblatt Farbe -Schwarz<\/p>\n<p>Indexe -Zeiger<\/p>\n<p><strong>&#8211; GEH\u00c4USE<\/strong><\/p>\n<p>Geh\u00e4use aus Geb\u00fcrstetem Stahl<\/p>\n<p>Geh\u00e4usefarbe Stahl<\/p>\n<p>Geh\u00e4useform &#8211; Rund<\/p>\n<p>Geh\u00e4usedurchmesser -41 mm<\/p>\n<p>L\u00fcnette -Feste<\/p>\n<p>Material L\u00fcnette -Stahl Geschliffen<\/p>\n<p>Wasserdicht Bis 10 ATM.<\/p>\n<p><strong>ARMBAND<\/strong><\/p>\n<p>&#8211; Armband &#8211; Kautschuk<\/p>\n<p>Verschluss &#8211; Branded ausziehbares Clip<\/p>\n<p><\/br><\/br><\/br><\/br><\/br><\/br><\/br><\/br><\/br><\/br><\/br><\/br><\/br><\/br><\/br><\/br><\/br><\/br><\/br><\/br><\/br><\/br><\/br><\/br><\/br><\/br><\/br><\/br><\/br><\/br><\/br><\/br><\/br><\/br><\/br><\/br><\/br><\/br><\/br><\/br><\/br><\/br><\/br><\/br><\/br><\/br><\/br><\/br><br \/>Collection-Royal Oak Extra-Thin Tourbillon<\/p>\n<p>Paul -Herrenuhr<\/p>\n<p>Stil &#8211; Klassiker<\/p>\n<p><strong>MECHANISMUS<\/strong><\/p>\n<p>Mechanismus &#8211; Schweiz<\/p>\n<p>Typ des Mechanismus -Mechanik mit Handaufzug<\/p>\n<p>Funktionen -Stunden-und Minutenzeiger, Tourbillon<\/p>\n<p>Gangreserve von Etwa 42 Stunden<\/p>\n<p><strong>ZIFFERBLATT<\/strong><\/p>\n<p>Glas &#8211; Saphirglas<\/p>\n<p>Zifferblatt -Guilloche &#8211;<\/p>\n<p>Zifferblatt Farbe -Schwarz<\/p>\n<p>Indexe -Zeiger<\/p>\n<p><strong>&#8211; GEH\u00c4USE<\/strong><\/p>\n<p>Geh\u00e4use aus Geb\u00fcrstetem Stahl<\/p>\n<p>Geh\u00e4usefarbe Stahl<\/p>\n<p>Geh\u00e4useform &#8211; Rund<\/p>\n<p>Geh\u00e4usedurchmesser -41 mm<\/p>\n<p>L\u00fcnette -Feste<\/p>\n<p>Material L\u00fcnette -Stahl Geschliffen<\/p>\n<p>Wasserdicht Bis 10 ATM.<\/p>\n<p><strong>ARMBAND<\/strong><\/p>\n<p>&#8211; Armband &#8211; Kautschuk<\/p>\n<p>Verschluss &#8211; Branded ausziehbares Clip<\/p>\n<p><\/br><\/br><\/br><\/br><\/br><\/br><\/br><\/br><\/br><\/br><\/br><\/br><\/br><\/br><\/br><\/br><\/br><\/br><\/br><\/br><\/br><\/br><\/br><\/br><\/br><\/br><\/br><\/br><\/br><\/br><\/br><\/br><\/br><\/br><\/br><\/br><\/br><\/br><\/br><\/br><\/br><\/br><\/br><\/br><\/br><\/br><\/br><\/br><\/p>","protected":false},"excerpt":{"rendered":"<p>Collection-Royal Oak Extra-Thin Tourbillon Paul -Herrenuhr Stil &#8211; Klassiker MECHANISMUS Mechanismus &#8211; Schweiz Typ des Mechanismus -Mechanik mit Handaufzug Funktionen -Stunden-und Minutenzeiger, Tourbillon Gangreserve von Etwa 42 Stunden ZIFFERBLATT Glas &#8211; Saphirglas Zifferblatt -Guilloche &#8211; Zifferblatt Farbe -Schwarz Indexe -Zeiger &#8211; GEH\u00c4USE Geh\u00e4use aus Geb\u00fcrstetem Stahl Geh\u00e4usefarbe Stahl Geh\u00e4useform &#8211; Rund Geh\u00e4usedurchmesser -41 mm L\u00fcnette [&hellip;]<\/p>","protected":false},"featured_media":12334,"template":"","meta":{"_acf_changed":false,"inline_featured_image":false},"product_brand":[],"product_cat":[1104,1601,1068],"product_tag":[],"class_list":{"0":"post-12333","1":"product","2":"type-product","3":"status-publish","4":"has-post-thumbnail","6":"product_cat-audemars-piguet","7":"product_cat-royal-oak-tourbullon","8":"product_cat-uhr","9":"pa_armband-kautschuk","10":"pa_farbe-silber","11":"pa_farbe-des-zifferblatts-schwarz","12":"pa_form-des-gehaeuses-round","13":"pa_funktionen-die-stunden-und-minutenzeiger-kleine-sekunde","14":"pa_gangreserve-ungefaehr-42-stunden","15":"pa_gehaeusedurchmesser-41-mm","16":"pa_gehaeusefarbe-stahl","17":"pa_gehaeusematerial-aus-gebuerstetem-stahl","18":"pa_geschlecht-herrenuhr","19":"pa_material-luenette-aus-gebuerstetem-stahl","20":"pa_sammlung-royal-oak-extra-thin-tourbillon","21":"pa_stil-klassiker","22":"pa_stundenmarker-zeiger","23":"pa_typ-stahl","24":"pa_typ-des-mechanismus-mechanik-mit-handaufzug","25":"pa_verschluss-branded-ausziehbares-clip","26":"pa_zifferblatt-guillochiert","28":"first","29":"instock","30":"purchasable","31":"product-type-simple"},"acf":[],"_links":{"self":[{"href":"https:\/\/luxhoron.com\/fr\/wp-json\/wp\/v2\/product\/12333","targetHints":{"allow":["GET"]}}],"collection":[{"href":"https:\/\/luxhoron.com\/fr\/wp-json\/wp\/v2\/product"}],"about":[{"href":"https:\/\/luxhoron.com\/fr\/wp-json\/wp\/v2\/types\/product"}],"wp:featuredmedia":[{"embeddable":true,"href":"https:\/\/luxhoron.com\/fr\/wp-json\/wp\/v2\/media\/12334"}],"wp:attachment":[{"href":"https:\/\/luxhoron.com\/fr\/wp-json\/wp\/v2\/media?parent=12333"}],"wp:term":[{"taxonomy":"product_brand","embeddable":true,"href":"https:\/\/luxhoron.com\/fr\/wp-json\/wp\/v2\/product_brand?post=12333"},{"taxonomy":"product_cat","embeddable":true,"href":"https:\/\/luxhoron.com\/fr\/wp-json\/wp\/v2\/product_cat?post=12333"},{"taxonomy":"product_tag","embeddable":true,"href":"https:\/\/luxhoron.com\/fr\/wp-json\/wp\/v2\/product_tag?post=12333"}],"curies":[{"name":"wp","href":"https:\/\/api.w.org\/{rel}","templated":true}]}}