{"id":12249,"date":"2025-10-13T09:41:16","date_gmt":"2025-10-13T06:41:16","guid":{"rendered":"https:\/\/luxhoron.com\/product\/patek-philippe-nautilus-diw\/"},"modified":"2025-12-16T20:14:09","modified_gmt":"2025-12-16T17:14:09","slug":"patek-philippe-nautilus-diw","status":"publish","type":"product","link":"https:\/\/luxhoron.com\/fr\/product\/patek-philippe-nautilus-diw\/","title":{"rendered":"Patek Philippe Nautilus DIW"},"content":{"rendered":"<p>Sammlung-Nautilus<\/p>\n<p>Paul -Herrenuhr<\/p>\n<p>Stil &#8211; Klassiker<\/p>\n<p><strong>MECHANISMUS<\/strong><\/p>\n<p>Mechanismus &#8211; Schweiz<\/p>\n<p>Typ des Mechanismus -Mechanik mit automatischem Aufzug<\/p>\n<p>Kaliber Mechanismus-Patek Philippe cal. 324 S C<\/p>\n<p>Funktionen &#8211; Stunden-und Minutenzeiger, Sekundenzeiger, Datum<\/p>\n<p>Gangreserve von Etwa 42 Stunden<\/p>\n<p><strong>ZIFFERBLATT<\/strong><\/p>\n<p>Glas &#8211; Saphirglas<\/p>\n<p>Zifferblatt -Guilloche &#8211;<\/p>\n<p>Zifferblatt Farbe -Schwarz<\/p>\n<p>Indexe -Zeiger<\/p>\n<p><strong>GEH\u00c4USE<\/strong><\/p>\n<p>&#8211; Material Geh\u00e4use -Carbon<\/p>\n<p>Geh\u00e4use-Farbe &#8211; Carbon<\/p>\n<p>Geh\u00e4useform &#8211; Rund<\/p>\n<p>&#8211; Durchmesser Geh\u00e4use &#8211; 40 mm<\/p>\n<p>&#8211; L\u00fcnette &#8211; Feste<\/p>\n<p>Material L\u00fcnette &#8211; Carbon<\/p>\n<p>Wasserdicht Bis 5 ATM.<\/p>\n<p><strong>ARMBAND<\/strong><\/p>\n<p>&#8211; Armband &#8211; Kohle &#8211;<\/p>\n<p>Zip &#8211; Branded ausziehbares Clip<\/p>\n<p><\/br><\/br><\/br><\/br><\/br><\/br><\/br><\/br><\/br><\/br><\/br><\/br><\/br><\/br><\/br><\/br><\/br><\/br><\/br><\/br><\/br><\/br><\/br><\/br><\/br><\/br><\/br><\/br><\/br><\/br><\/br><\/br><\/br><\/br><\/br><\/br><\/br><\/br><\/br><\/br><\/br><\/br><\/br><\/br><\/br><\/br><\/br><\/br><\/br><\/br><\/br><br \/>Collection-Nautilus<\/p>\n<p>Paul -Herrenuhr<\/p>\n<p>Stil &#8211; Klassiker<\/p>\n<p><strong>MECHANISMUS<\/strong><\/p>\n<p>Mechanismus &#8211; Schweiz<\/p>\n<p>Typ des Mechanismus -Mechanik mit automatischem Aufzug<\/p>\n<p>Kaliber Mechanismus-Patek Philippe cal. 324 S C<\/p>\n<p>Funktionen &#8211; Stunden-und Minutenzeiger, Sekundenzeiger, Datum<\/p>\n<p>Gangreserve von Etwa 42 Stunden<\/p>\n<p><strong>ZIFFERBLATT<\/strong><\/p>\n<p>Glas &#8211; Saphirglas<\/p>\n<p>Zifferblatt -Guilloche &#8211;<\/p>\n<p>Zifferblatt Farbe -Schwarz<\/p>\n<p>Indexe -Zeiger<\/p>\n<p><strong>GEH\u00c4USE<\/strong><\/p>\n<p>&#8211; Material Geh\u00e4use -Carbon<\/p>\n<p>Geh\u00e4use-Farbe &#8211; Carbon<\/p>\n<p>Geh\u00e4useform &#8211; Rund<\/p>\n<p>&#8211; Durchmesser Geh\u00e4use &#8211; 40 mm<\/p>\n<p>&#8211; L\u00fcnette &#8211; Feste<\/p>\n<p>Material L\u00fcnette &#8211; Carbon<\/p>\n<p>Wasserdicht Bis 5 ATM.<\/p>\n<p><strong>ARMBAND<\/strong><\/p>\n<p>&#8211; Armband &#8211; Kohle &#8211;<\/p>\n<p>Zip &#8211; Branded ausziehbares Clip<\/p>\n<p><\/br><\/br><\/br><\/br><\/br><\/br><\/br><\/br><\/br><\/br><\/br><\/br><\/br><\/br><\/br><\/br><\/br><\/br><\/br><\/br><\/br><\/br><\/br><\/br><\/br><\/br><\/br><\/br><\/br><\/br><\/br><\/br><\/br><\/br><\/br><\/br><\/br><\/br><\/br><\/br><\/br><\/br><\/br><\/br><\/br><\/br><\/br><\/br><\/br><\/br><\/br><\/p>","protected":false},"excerpt":{"rendered":"<p>Sammlung-Nautilus Paul -Herrenuhr Stil &#8211; Klassiker MECHANISMUS Mechanismus &#8211; Schweiz Typ des Mechanismus -Mechanik mit automatischem Aufzug Kaliber Mechanismus-Patek Philippe cal. 324 S C Funktionen &#8211; Stunden-und Minutenzeiger, Sekundenzeiger, Datum Gangreserve von Etwa 42 Stunden ZIFFERBLATT Glas &#8211; Saphirglas Zifferblatt -Guilloche &#8211; Zifferblatt Farbe -Schwarz Indexe -Zeiger GEH\u00c4USE &#8211; Material Geh\u00e4use -Carbon Geh\u00e4use-Farbe &#8211; Carbon [&hellip;]<\/p>","protected":false},"featured_media":12250,"template":"","meta":{"_acf_changed":false,"inline_featured_image":false},"product_brand":[],"product_cat":[1417,1158,1068],"product_tag":[],"class_list":{"0":"post-12249","1":"product","2":"type-product","3":"status-publish","4":"has-post-thumbnail","6":"product_cat-nautilus","7":"product_cat-patek-philippe","8":"product_cat-uhr","9":"pa_armband-carbon","10":"pa_farbe-silber","11":"pa_farbe-des-zifferblatts-schwarz","12":"pa_form-des-gehaeuses-round","13":"pa_funktionen-die-stunden-und-minutenzeiger-sekundenzeiger-datum","14":"pa_gangreserve-ungefaehr-42-stunden","15":"pa_gehaeusedurchmesser-40-mm","16":"pa_gehaeusefarbe-carbon","17":"pa_gehaeusematerial-carbon","18":"pa_geschlecht-herrenuhr","19":"pa_kaliber-mechanismus-patek-philippe-cal-324-s-c","20":"pa_material-luenette-carbon","21":"pa_sammlung-nautilus","22":"pa_stil-klassiker","23":"pa_stundenmarker-zeiger","24":"pa_typ-stahl","25":"pa_typ-des-mechanismus-mechanik-mit-automatischem-aufzug","26":"pa_verschluss-branded-ausziehbares-clip","27":"pa_zifferblatt-guillochiert","29":"first","30":"instock","31":"purchasable","32":"product-type-simple"},"acf":[],"_links":{"self":[{"href":"https:\/\/luxhoron.com\/fr\/wp-json\/wp\/v2\/product\/12249","targetHints":{"allow":["GET"]}}],"collection":[{"href":"https:\/\/luxhoron.com\/fr\/wp-json\/wp\/v2\/product"}],"about":[{"href":"https:\/\/luxhoron.com\/fr\/wp-json\/wp\/v2\/types\/product"}],"wp:featuredmedia":[{"embeddable":true,"href":"https:\/\/luxhoron.com\/fr\/wp-json\/wp\/v2\/media\/12250"}],"wp:attachment":[{"href":"https:\/\/luxhoron.com\/fr\/wp-json\/wp\/v2\/media?parent=12249"}],"wp:term":[{"taxonomy":"product_brand","embeddable":true,"href":"https:\/\/luxhoron.com\/fr\/wp-json\/wp\/v2\/product_brand?post=12249"},{"taxonomy":"product_cat","embeddable":true,"href":"https:\/\/luxhoron.com\/fr\/wp-json\/wp\/v2\/product_cat?post=12249"},{"taxonomy":"product_tag","embeddable":true,"href":"https:\/\/luxhoron.com\/fr\/wp-json\/wp\/v2\/product_tag?post=12249"}],"curies":[{"name":"wp","href":"https:\/\/api.w.org\/{rel}","templated":true}]}}