{"id":12026,"date":"2025-10-13T09:35:11","date_gmt":"2025-10-13T06:35:11","guid":{"rendered":"https:\/\/luxhoron.com\/product\/omega-planet-ocean-29\/"},"modified":"2025-12-16T20:26:17","modified_gmt":"2025-12-16T17:26:17","slug":"omega-planet-ocean-29","status":"publish","type":"product","link":"https:\/\/luxhoron.com\/fr\/product\/omega-planet-ocean-29\/","title":{"rendered":"Omega Planet Ocean"},"content":{"rendered":"<p>Kollektion Seamaster Planet Ocean 45.5 mm<br \/>Geschlecht -Herren-Uhr<br \/>&#8211; Stil &#8211; ein Klassiker<\/p>\n<p><strong>&#8211; MECHANISMUS<\/strong><br \/>&#8211; Mechanismus &#8211; Schweiz<br \/>Typ des Mechanismus &#8211; Mechanik mit automatischem Aufzug<br \/>Kaliber Mechanismus &#8211; Omega cal.9300<br \/>Funktionen -Stunden-und Minutenzeiger, Sekundenzeiger, Datum, Chronograph<br \/>Gangreserve von Etwa 42 Stunden<\/p>\n<p><strong>ZIFFERBLATT<\/strong><br \/>Glas &#8211; Saphirglas<br \/>Zifferblatt &#8211; Glatte<br \/>Farbe Zifferblatt Schwarz<br \/>Indexe Arabische Ziffern, Zeiger<\/p>\n<p><strong>GEH\u00c4USE<\/strong><br \/>&#8211; Material Geh\u00e4use &#8211; Edelstahl 316L<br \/>Geh\u00e4use-Farbe -Stahl &#8211;<br \/>Geh\u00e4useform &#8211; Rund<br \/>Geh\u00e4usedurchmesser -45.5 mm<br \/>Material L\u00fcnette &#8211; Polierter Stahl, Geb\u00fcrstet Keramik<br \/>Wasserdicht Bis 10 ATM.<\/p>\n<p><strong>ARMBAND<\/strong><br \/>&#8211; Armband -Kautschuk<br \/>Verschluss &#8211; Branded ausziehbares Mini<\/br><\/br><\/br><\/br><\/br><\/br><\/br><\/br><\/br><\/br><\/br><\/br><\/br><\/br><\/br><\/br><\/br><\/br><\/br><\/br><\/br><\/br><\/br><\/br><\/br><\/br><\/br><br \/>&#8211; Kollektion mit der Seamaster Planet Ocean 45.5 mm<br \/>Geschlecht -Herren-Uhr<br \/>&#8211; Stil &#8211; ein Klassiker<\/p>\n<p><strong>&#8211; MECHANISMUS<\/strong><br \/>&#8211; Mechanismus &#8211; Schweiz<br \/>Typ des Mechanismus &#8211; Mechanik mit automatischem Aufzug<br \/>Kaliber Mechanismus &#8211; Omega cal.9300<br \/>Funktionen -Stunden-und Minutenzeiger, Sekundenzeiger, Datum, Chronograph<br \/>Gangreserve von Etwa 42 Stunden<\/p>\n<p><strong>ZIFFERBLATT<\/strong><br \/>Glas &#8211; Saphirglas<br \/>Zifferblatt &#8211; Glatte<br \/>Farbe Zifferblatt Schwarz<br \/>Indexe Arabische Ziffern, Zeiger<\/p>\n<p><strong>GEH\u00c4USE<\/strong><br \/>&#8211; Material Geh\u00e4use &#8211; Edelstahl 316L<br \/>Geh\u00e4use-Farbe -Stahl &#8211;<br \/>Geh\u00e4useform &#8211; Rund<br \/>Geh\u00e4usedurchmesser -45.5 mm<br \/>Material L\u00fcnette &#8211; Polierter Stahl, Geb\u00fcrstet Keramik<br \/>Wasserdicht Bis 10 ATM.<\/p>\n<p><strong>ARMBAND<\/strong><br \/>&#8211; Armband -Kautschuk<br \/>Verschluss &#8211; Branded ausziehbares Clip<\/br><\/br><\/br><\/br><\/br><\/br><\/br><\/br><\/br><\/br><\/br><\/br><\/br><\/br><\/br><\/br><\/br><\/br><\/br><\/br><\/br><\/br><\/br><\/br><\/br><\/br><\/br><\/p>","protected":false},"excerpt":{"rendered":"<p>Kollektion Seamaster Planet Ocean 45.5 mmGeschlecht -Herren-Uhr&#8211; Stil &#8211; ein Klassiker &#8211; MECHANISMUS&#8211; Mechanismus &#8211; SchweizTyp des Mechanismus &#8211; Mechanik mit automatischem AufzugKaliber Mechanismus &#8211; Omega cal.9300Funktionen -Stunden-und Minutenzeiger, Sekundenzeiger, Datum, ChronographGangreserve von Etwa 42 Stunden ZIFFERBLATTGlas &#8211; SaphirglasZifferblatt &#8211; GlatteFarbe Zifferblatt SchwarzIndexe Arabische Ziffern, Zeiger GEH\u00c4USE&#8211; Material Geh\u00e4use &#8211; Edelstahl 316LGeh\u00e4use-Farbe -Stahl &#8211;Geh\u00e4useform &#8211; [&hellip;]<\/p>","protected":false},"featured_media":12027,"template":"","meta":{"_acf_changed":false,"inline_featured_image":false},"product_brand":[],"product_cat":[1069,1284,1068],"product_tag":[],"class_list":{"0":"post-12026","1":"product","2":"type-product","3":"status-publish","4":"has-post-thumbnail","6":"product_cat-omega","7":"product_cat-seamaster","8":"product_cat-uhr","9":"pa_armband-kautschuk","10":"pa_farbe-des-zifferblatts-schwarz","11":"pa_form-des-gehaeuses-round","12":"pa_funktionen-die-stunden-und-minutenzeiger-sekundenzeiger-datum-chronograph","13":"pa_gangreserve-ungefaehr-42-stunden","14":"pa_gehaeusedurchmesser-45-5-mm","15":"pa_gehaeusefarbe-stahl","16":"pa_gehaeusematerial-polierter-stahl-316l","17":"pa_geschlecht-herrenuhr","18":"pa_kaliber-mechanismus-omega-cal-9300","19":"pa_material-luenette-polierter-stahl-gebuerstet-keramik","20":"pa_sammlung-seamaster-planet-ocean-45-5-mm","21":"pa_stil-klassiker","22":"pa_stundenmarker-arabische-ziffern-zeiger","23":"pa_typ-des-mechanismus-mechanik-mit-automatischem-aufzug","24":"pa_verschluss-branded-ausziehbares-clip","25":"pa_zifferblatt-glatt","27":"first","28":"instock","29":"purchasable","30":"product-type-simple"},"acf":[],"_links":{"self":[{"href":"https:\/\/luxhoron.com\/fr\/wp-json\/wp\/v2\/product\/12026","targetHints":{"allow":["GET"]}}],"collection":[{"href":"https:\/\/luxhoron.com\/fr\/wp-json\/wp\/v2\/product"}],"about":[{"href":"https:\/\/luxhoron.com\/fr\/wp-json\/wp\/v2\/types\/product"}],"wp:featuredmedia":[{"embeddable":true,"href":"https:\/\/luxhoron.com\/fr\/wp-json\/wp\/v2\/media\/12027"}],"wp:attachment":[{"href":"https:\/\/luxhoron.com\/fr\/wp-json\/wp\/v2\/media?parent=12026"}],"wp:term":[{"taxonomy":"product_brand","embeddable":true,"href":"https:\/\/luxhoron.com\/fr\/wp-json\/wp\/v2\/product_brand?post=12026"},{"taxonomy":"product_cat","embeddable":true,"href":"https:\/\/luxhoron.com\/fr\/wp-json\/wp\/v2\/product_cat?post=12026"},{"taxonomy":"product_tag","embeddable":true,"href":"https:\/\/luxhoron.com\/fr\/wp-json\/wp\/v2\/product_tag?post=12026"}],"curies":[{"name":"wp","href":"https:\/\/api.w.org\/{rel}","templated":true}]}}