{"id":11939,"date":"2025-10-13T09:28:51","date_gmt":"2025-10-13T06:28:51","guid":{"rendered":"https:\/\/luxhoron.com\/product\/audemars-piguet-royal-oak-chronograph-42-mm-platinum-5\/"},"modified":"2025-10-13T09:30:41","modified_gmt":"2025-10-13T06:30:41","slug":"audemars-piguet-royal-oak-chronograph-42-mm-platinum-5","status":"publish","type":"product","link":"https:\/\/luxhoron.com\/fr\/product\/audemars-piguet-royal-oak-chronograph-42-mm-platinum-5\/","title":{"rendered":"Audemars Piguet Royal Oak Chronograph 42 mm Platinum"},"content":{"rendered":"<p>Paul &#8211; Herrenuhr <\/p>\n<p> &#8211; Stil &#8211; klassische Musik\/Casual <\/p>\n<p> <strong>MECHANISMUS<\/strong> <\/p>\n<p> Mechanismus &#8211; Schweiz <\/p>\n<p> Typ des Mechanismus &#8211; Mechanik mit automatischem Aufzug <\/p>\n<p> Kaliber ETA 7750 <\/p>\n<p> Funktionen &#8211; Stunden-und Minutenzeiger, Sekundenzeiger, Datum <\/p>\n<p> Gangreserve von Etwa 42 Stunden <\/p>\n<p> <strong>ZIFFERBLATT<\/strong> <\/p>\n<p> Glas &#8211; Saphirglas <\/p>\n<p> Zifferblatt &#8211; ein Schlankes <\/p>\n<p> Zifferblatt Farbe &#8211; Grau <\/p>\n<p> Indexe -Zeiger <\/p>\n<p> <strong>&#8211; GEH\u00c4USE<\/strong> <\/p>\n<p> Geh\u00e4use-Material &#8211; Polierter Stahl <\/p>\n<p> Geh\u00e4usefarbe Stahl <\/p>\n<p> Geh\u00e4useform &#8211; Rund <\/p>\n<p> &#8211; Durchmesser des Geh\u00e4uses betr\u00e4gt 42mm <\/p>\n<p> L\u00fcnette &#8211; Feste <\/p>\n<p> Material L\u00fcnette &#8211; Edelstahl <\/p>\n<p> Wasserdicht Bis 10 ATM. <\/p>\n<p> <strong>ARMBAND<\/strong> <\/p>\n<p> &#8211; Armband &#8211; Stahl &#8211; <\/p>\n<p> Verschluss &#8211; Branded ausziehbares Clip <\/p>\n<p> <\/br><\/br><\/br><\/br><\/br><\/br><\/br><\/br><\/br><\/br><\/br><\/br><\/br><\/br><\/br><\/br><\/br><\/br><\/br><\/br><\/br><\/br><\/br><\/br><\/br><\/br><\/br><\/br><\/br><\/br><\/br><\/br><\/br><\/br><\/br><\/br><\/br><\/br><\/br><\/br><\/br><\/br><\/br><\/br><\/br><\/br><\/br><\/br><\/br><\/br><\/br><\/br><\/br><\/br><\/br><\/br><br \/>Geschlecht &#8211; Herren-Uhr <\/p>\n<p> &#8211; Stil &#8211; klassische Musik\/Casual <\/p>\n<p> <strong>MECHANISMUS<\/strong> <\/p>\n<p> Mechanismus &#8211; Schweiz <\/p>\n<p> Typ des Mechanismus &#8211; Mechanik mit automatischem Aufzug <\/p>\n<p> Kaliber ETA 7750 <\/p>\n<p> Funktionen &#8211; Stunden-und Minutenzeiger, Sekundenzeiger, Datum <\/p>\n<p> Gangreserve von Etwa 42 Stunden <\/p>\n<p> <strong>ZIFFERBLATT<\/strong> <\/p>\n<p> Glas &#8211; Saphirglas <\/p>\n<p> Zifferblatt &#8211; ein Schlankes <\/p>\n<p> Zifferblatt Farbe &#8211; Grau <\/p>\n<p> Indexe -Zeiger <\/p>\n<p> <strong>&#8211; GEH\u00c4USE<\/strong> <\/p>\n<p> Geh\u00e4use-Material &#8211; Polierter Stahl <\/p>\n<p> Geh\u00e4usefarbe Stahl <\/p>\n<p> Geh\u00e4useform &#8211; Rund <\/p>\n<p> &#8211; Durchmesser des Geh\u00e4uses betr\u00e4gt 42mm <\/p>\n<p> L\u00fcnette &#8211; Feste <\/p>\n<p> Material L\u00fcnette &#8211; Edelstahl <\/p>\n<p> Wasserdicht Bis 10 ATM. <\/p>\n<p> <strong>ARMBAND<\/strong> <\/p>\n<p> &#8211; Armband &#8211; Stahl &#8211; <\/p>\n<p> Verschluss &#8211; Branded ausziehbares Clip <\/p>\n<p> <\/br><\/br><\/br><\/br><\/br><\/br><\/br><\/br><\/br><\/br><\/br><\/br><\/br><\/br><\/br><\/br><\/br><\/br><\/br><\/br><\/br><\/br><\/br><\/br><\/br><\/br><\/br><\/br><\/br><\/br><\/br><\/br><\/br><\/br><\/br><\/br><\/br><\/br><\/br><\/br><\/br><\/br><\/br><\/br><\/br><\/br><\/br><\/br><\/br><\/br><\/br><\/br><\/br><\/br><\/br><\/br><\/p>","protected":false},"excerpt":{"rendered":"<p>Paul &#8211; Herrenuhr &#8211; Stil &#8211; klassische Musik\/Casual MECHANISMUS Mechanismus &#8211; Schweiz Typ des Mechanismus &#8211; Mechanik mit automatischem Aufzug Kaliber ETA 7750 Funktionen &#8211; Stunden-und Minutenzeiger, Sekundenzeiger, Datum Gangreserve von Etwa 42 Stunden ZIFFERBLATT Glas &#8211; Saphirglas Zifferblatt &#8211; ein Schlankes Zifferblatt Farbe &#8211; Grau Indexe -Zeiger &#8211; GEH\u00c4USE Geh\u00e4use-Material &#8211; Polierter Stahl Geh\u00e4usefarbe [&hellip;]<\/p>","protected":false},"featured_media":11940,"template":"","meta":{"_acf_changed":false,"inline_featured_image":false},"product_brand":[],"product_cat":[1104,1105,1068],"product_tag":[],"class_list":{"0":"post-11939","1":"product","2":"type-product","3":"status-publish","4":"has-post-thumbnail","6":"product_cat-audemars-piguet","7":"product_cat-royal-oak","8":"product_cat-uhr","9":"pa_armband-stahl","10":"pa_farbe-silber","11":"pa_farbe-des-zifferblatts-grau","12":"pa_form-des-gehaeuses-round","13":"pa_funktionen-die-stunden-und-minutenzeiger-sekundenzeiger-datum","14":"pa_gangreserve-ungefaehr-42-stunden","15":"pa_gehaeusedurchmesser-42-mm","16":"pa_gehaeusefarbe-stahl","17":"pa_gehaeusematerial-polierter-stahl","18":"pa_geschlecht-herrenuhr","19":"pa_kaliber-eta-7750","20":"pa_material-luenette-polierter-stahl","21":"pa_stil-klassische-musik-casual","22":"pa_stundenmarker-zeiger","23":"pa_typ-stahl","24":"pa_typ-des-mechanismus-mechanik-mit-automatischem-aufzug","25":"pa_verschluss-branded-ausziehbares-clip","26":"pa_zifferblatt-glatt","28":"first","29":"instock","30":"purchasable","31":"product-type-simple"},"acf":[],"_links":{"self":[{"href":"https:\/\/luxhoron.com\/fr\/wp-json\/wp\/v2\/product\/11939","targetHints":{"allow":["GET"]}}],"collection":[{"href":"https:\/\/luxhoron.com\/fr\/wp-json\/wp\/v2\/product"}],"about":[{"href":"https:\/\/luxhoron.com\/fr\/wp-json\/wp\/v2\/types\/product"}],"wp:featuredmedia":[{"embeddable":true,"href":"https:\/\/luxhoron.com\/fr\/wp-json\/wp\/v2\/media\/11940"}],"wp:attachment":[{"href":"https:\/\/luxhoron.com\/fr\/wp-json\/wp\/v2\/media?parent=11939"}],"wp:term":[{"taxonomy":"product_brand","embeddable":true,"href":"https:\/\/luxhoron.com\/fr\/wp-json\/wp\/v2\/product_brand?post=11939"},{"taxonomy":"product_cat","embeddable":true,"href":"https:\/\/luxhoron.com\/fr\/wp-json\/wp\/v2\/product_cat?post=11939"},{"taxonomy":"product_tag","embeddable":true,"href":"https:\/\/luxhoron.com\/fr\/wp-json\/wp\/v2\/product_tag?post=11939"}],"curies":[{"name":"wp","href":"https:\/\/api.w.org\/{rel}","templated":true}]}}