{"id":11757,"date":"2025-10-13T09:25:21","date_gmt":"2025-10-13T06:25:21","guid":{"rendered":"https:\/\/luxhoron.com\/product\/hublot-classic-fusion-10\/"},"modified":"2025-12-16T20:21:07","modified_gmt":"2025-12-16T17:21:07","slug":"hublot-classic-fusion-10","status":"publish","type":"product","link":"https:\/\/luxhoron.com\/fr\/product\/hublot-classic-fusion-10\/","title":{"rendered":"Hublot Classic Fusion"},"content":{"rendered":"<p>Kollektion Classic Fusion 42mm<br \/>Paul &#8211; Herrenuhr<br \/>&#8211; Stil &#8211; klassische Musik\/Casual<\/p>\n<p><strong>MECHANISMUS<\/strong><\/p>\n<p>Mechanismus &#8211; Schweiz<br \/>Typ des Mechanismus &#8211; Mechanik mit automatischem Aufzug<br \/>Kaliber &#8211; Mechanismus Klon Hublot cal. 1110<br \/>Funktionen &#8211; Stunden-und Minutenzeiger, Sekundenzeiger<br \/>Gangreserve von Etwa 42 Stunden<\/p>\n<p><strong>ZIFFERBLATT<\/strong><\/p>\n<p>Glas &#8211; Saphirglas<br \/>Zifferblatt Farbe Wei\u00df &#8211; <br \/>Indexe &#8211; Zeiger<\/p>\n<p><strong>GEH\u00c4USE<\/strong><\/p>\n<p>&#8211; Material Geh\u00e4use &#8211; Poliert\/satiniert Titan Swarovski-Kristallen besetzte<br \/>Geh\u00e4usefarbe &#8211; Gold &#8211;<br \/>Geh\u00e4useform &#8211; Rund<br \/>&#8211; Durchmesser des Geh\u00e4uses betr\u00e4gt 42mm<br \/>Material L\u00fcnette Poliert\/satiniert Titan<br \/>Wasserdicht Bis 5 ATM.<\/p>\n<p><strong>ARMBAND<\/strong><br \/>&#8211; Armband &#8211; Kautschuk &#8211; \/Lederausstattung<\/br><\/br><\/br><\/br><\/br><\/br><\/br><\/br><\/br><\/br><\/br><\/br><\/br><\/br><\/br><\/br><\/br><\/br><\/br><\/br><\/br><\/br><\/br><\/br><\/br><\/br><\/br><\/br><\/br><\/br><\/br><\/br><br \/>Collection &#8211; Classic-Fusion-42mm<br \/>Paul &#8211; Herrenuhr<br \/>&#8211; Stil &#8211; klassische Musik\/Casual<\/p>\n<p><strong>MECHANISMUS<\/strong><\/p>\n<p>Mechanismus &#8211; Schweiz<br \/>Typ des Mechanismus &#8211; Mechanik mit automatischem Aufzug<br \/>Kaliber &#8211; Mechanismus Klon Hublot cal. 1110<br \/>Funktionen &#8211; Stunden-und Minutenzeiger, Sekundenzeiger<br \/>Gangreserve von Etwa 42 Stunden<\/p>\n<p><strong>ZIFFERBLATT<\/strong><\/p>\n<p>Glas &#8211; Saphirglas<br \/>Zifferblatt Farbe Wei\u00df &#8211; <br \/>Indexe &#8211; Zeiger<\/p>\n<p><strong>GEH\u00c4USE<\/strong><\/p>\n<p>&#8211; Material Geh\u00e4use &#8211; Poliert\/satiniert Titan Swarovski-Kristallen besetzte<br \/>Geh\u00e4usefarbe &#8211; Gold &#8211;<br \/>Geh\u00e4useform &#8211; Rund<br \/>&#8211; Durchmesser des Geh\u00e4uses betr\u00e4gt 42mm<br \/>Material L\u00fcnette Poliert\/satiniert Titan<br \/>Wasserdicht Bis 5 ATM.<\/p>\n<p><strong>ARMBAND<\/strong><br \/>&#8211; Armband &#8211; Kautschuk &#8211; \/Lederausstattung<\/br><\/br><\/br><\/br><\/br><\/br><\/br><\/br><\/br><\/br><\/br><\/br><\/br><\/br><\/br><\/br><\/br><\/br><\/br><\/br><\/br><\/br><\/br><\/br><\/br><\/br><\/br><\/br><\/br><\/br><\/br><\/br><\/p>","protected":false},"excerpt":{"rendered":"<p>Kollektion Classic Fusion 42mmPaul &#8211; Herrenuhr&#8211; Stil &#8211; klassische Musik\/Casual MECHANISMUS Mechanismus &#8211; SchweizTyp des Mechanismus &#8211; Mechanik mit automatischem AufzugKaliber &#8211; Mechanismus Klon Hublot cal. 1110Funktionen &#8211; Stunden-und Minutenzeiger, SekundenzeigerGangreserve von Etwa 42 Stunden ZIFFERBLATT Glas &#8211; SaphirglasZifferblatt Farbe Wei\u00df &#8211; Indexe &#8211; Zeiger GEH\u00c4USE &#8211; Material Geh\u00e4use &#8211; Poliert\/satiniert Titan Swarovski-Kristallen besetzteGeh\u00e4usefarbe &#8211; [&hellip;]<\/p>","protected":false},"featured_media":11758,"template":"","meta":{"_acf_changed":false,"inline_featured_image":false},"product_brand":[],"product_cat":[1542,1122,1068],"product_tag":[],"class_list":{"0":"post-11757","1":"product","2":"type-product","3":"status-publish","4":"has-post-thumbnail","6":"product_cat-classic-fusion","7":"product_cat-hublot","8":"product_cat-uhr","9":"pa_armband-rubber-lederausstattung","10":"pa_farbe-des-zifferblatts-weiss","11":"pa_form-des-gehaeuses-round","12":"pa_funktionen-die-stunden-und-minutenzeiger-sekundenzeiger","13":"pa_gangreserve-ungefaehr-42-stunden","14":"pa_gehaeusedurchmesser-42-mm","15":"pa_gehaeusefarbe-gold","16":"pa_gehaeusematerial-poliert-satiniert-titan-mit-eingearbeiteten-swarovski-kristallen","17":"pa_geschlecht-herrenuhr","18":"pa_kaliber-mechanismus-klon-hublot-cal-1110","19":"pa_material-luenette-poliert-satiniert-titan","20":"pa_sammlung-classic-fusion-42mm-paul","21":"pa_stil-klassische-musik-casual","22":"pa_stundenmarker-zeiger","23":"pa_typ-des-mechanismus-mechanik-mit-automatischem-aufzug","25":"first","26":"instock","27":"purchasable","28":"product-type-simple"},"acf":[],"_links":{"self":[{"href":"https:\/\/luxhoron.com\/fr\/wp-json\/wp\/v2\/product\/11757","targetHints":{"allow":["GET"]}}],"collection":[{"href":"https:\/\/luxhoron.com\/fr\/wp-json\/wp\/v2\/product"}],"about":[{"href":"https:\/\/luxhoron.com\/fr\/wp-json\/wp\/v2\/types\/product"}],"wp:featuredmedia":[{"embeddable":true,"href":"https:\/\/luxhoron.com\/fr\/wp-json\/wp\/v2\/media\/11758"}],"wp:attachment":[{"href":"https:\/\/luxhoron.com\/fr\/wp-json\/wp\/v2\/media?parent=11757"}],"wp:term":[{"taxonomy":"product_brand","embeddable":true,"href":"https:\/\/luxhoron.com\/fr\/wp-json\/wp\/v2\/product_brand?post=11757"},{"taxonomy":"product_cat","embeddable":true,"href":"https:\/\/luxhoron.com\/fr\/wp-json\/wp\/v2\/product_cat?post=11757"},{"taxonomy":"product_tag","embeddable":true,"href":"https:\/\/luxhoron.com\/fr\/wp-json\/wp\/v2\/product_tag?post=11757"}],"curies":[{"name":"wp","href":"https:\/\/api.w.org\/{rel}","templated":true}]}}