{"id":11714,"date":"2025-10-13T09:22:44","date_gmt":"2025-10-13T06:22:44","guid":{"rendered":"https:\/\/luxhoron.com\/product\/hublot-classic-fusion-fuente-limited-edition-38-mm-2\/"},"modified":"2025-12-16T20:21:08","modified_gmt":"2025-12-16T17:21:08","slug":"hublot-classic-fusion-fuente-limited-edition-38-mm-2","status":"publish","type":"product","link":"https:\/\/luxhoron.com\/fr\/product\/hublot-classic-fusion-fuente-limited-edition-38-mm-2\/","title":{"rendered":"Hublot Classic Fusion Fuente Limited Edition 38 mm"},"content":{"rendered":"<p>Kollektion Classic Fusion 38 mm <\/p>\n<p> Geschlecht &#8211; Damen-Uhren &#8211; <\/p>\n<p> Style -Klassisch\/Freizeit <\/p>\n<p> <strong>MECHANISMUS<\/strong> <\/p>\n<p> Mechanismus &#8211; Schweiz <\/p>\n<p> Typ des Mechanismus &#8211; Mechanik mit automatischem Aufzug <\/p>\n<p> Kaliber &#8211; Mechanismus Klon Hublot cal. 1112 <\/p>\n<p> Funktionen &#8211; Stunden-und Minutenzeiger, Sekundenzeiger <\/p>\n<p> Gangreserve von Etwa 42 Stunden <\/p>\n<p> <strong>ZIFFERBLATT<\/strong> <\/p>\n<p> Glas &#8211; Saphirglas <\/p>\n<p> Zifferblatt Farbe &#8211; Gr\u00fcn <\/p>\n<p> Indexe &#8211; Zeiger <\/p>\n<p> <strong>GEH\u00c4USE<\/strong> <\/p>\n<p> &#8211; Material Geh\u00e4use &#8211; Poliert\/satiniert Titan <\/p>\n<p> Geh\u00e4usefarbe Stahl <\/p>\n<p> Geh\u00e4useform &#8211; Rund <\/p>\n<p> &#8211; Durchmesser des Geh\u00e4uses betr\u00e4gt 38 mm <\/p>\n<p> Material L\u00fcnette &#8211; Poliert\/satiniert Titan <\/p>\n<p> Wasserdicht Bis 5 ATM. <\/p>\n<p> <strong>ARMBAND<\/strong> <\/p>\n<p> &#8211; Armband &#8211; Kautschuk &#8211; \/Lederausstattung <\/p>\n<p> <\/br><\/br><\/br><\/br><\/br><\/br><\/br><\/br><\/br><\/br><\/br><\/br><\/br><\/br><\/br><\/br><\/br><\/br><\/br><\/br><\/br><\/br><\/br><\/br><\/br><\/br><\/br><\/br><\/br><\/br><\/br><\/br><\/br><\/br><\/br><\/br><\/br><\/br><\/br><\/br><\/br><\/br><\/br><\/br><\/br><\/br><\/br><\/br><\/br><\/br><\/br><\/br><br \/>Collection &#8211; Classic-Fusion-38 mm <\/p>\n<p> Geschlecht &#8211; Damen-Uhren &#8211; <\/p>\n<p> Style -Klassisch\/Freizeit <\/p>\n<p> <strong>MECHANISMUS<\/strong> <\/p>\n<p> Mechanismus &#8211; Schweiz <\/p>\n<p> Typ des Mechanismus &#8211; Mechanik mit automatischem Aufzug <\/p>\n<p> Kaliber &#8211; Mechanismus Klon Hublot cal. 1112 <\/p>\n<p> Funktionen &#8211; Stunden-und Minutenzeiger, Sekundenzeiger <\/p>\n<p> Gangreserve von Etwa 42 Stunden <\/p>\n<p> <strong>ZIFFERBLATT<\/strong> <\/p>\n<p> Glas &#8211; Saphirglas <\/p>\n<p> Zifferblatt Farbe &#8211; Gr\u00fcn <\/p>\n<p> Indexe &#8211; Zeiger <\/p>\n<p> <strong>GEH\u00c4USE<\/strong> <\/p>\n<p> &#8211; Material Geh\u00e4use &#8211; Poliert\/satiniert Titan <\/p>\n<p> Geh\u00e4usefarbe Stahl <\/p>\n<p> Geh\u00e4useform &#8211; Rund <\/p>\n<p> &#8211; Durchmesser des Geh\u00e4uses betr\u00e4gt 38 mm <\/p>\n<p> Material L\u00fcnette &#8211; Poliert\/satiniert Titan <\/p>\n<p> Wasserdicht Bis 5 ATM. <\/p>\n<p> <strong>ARMBAND<\/strong> <\/p>\n<p> &#8211; Armband &#8211; Kautschuk &#8211; \/Lederausstattung <\/p>\n<p> <\/br><\/br><\/br><\/br><\/br><\/br><\/br><\/br><\/br><\/br><\/br><\/br><\/br><\/br><\/br><\/br><\/br><\/br><\/br><\/br><\/br><\/br><\/br><\/br><\/br><\/br><\/br><\/br><\/br><\/br><\/br><\/br><\/br><\/br><\/br><\/br><\/br><\/br><\/br><\/br><\/br><\/br><\/br><\/br><\/br><\/br><\/br><\/br><\/br><\/br><\/br><\/br><\/p>","protected":false},"excerpt":{"rendered":"<p>Kollektion Classic Fusion 38 mm Geschlecht &#8211; Damen-Uhren &#8211; Style -Klassisch\/Freizeit MECHANISMUS Mechanismus &#8211; Schweiz Typ des Mechanismus &#8211; Mechanik mit automatischem Aufzug Kaliber &#8211; Mechanismus Klon Hublot cal. 1112 Funktionen &#8211; Stunden-und Minutenzeiger, Sekundenzeiger Gangreserve von Etwa 42 Stunden ZIFFERBLATT Glas &#8211; Saphirglas Zifferblatt Farbe &#8211; Gr\u00fcn Indexe &#8211; Zeiger GEH\u00c4USE &#8211; Material Geh\u00e4use [&hellip;]<\/p>","protected":false},"featured_media":11715,"template":"","meta":{"_acf_changed":false,"inline_featured_image":false},"product_brand":[],"product_cat":[1542,1122,1068],"product_tag":[],"class_list":{"0":"post-11714","1":"product","2":"type-product","3":"status-publish","4":"has-post-thumbnail","6":"product_cat-classic-fusion","7":"product_cat-hublot","8":"product_cat-uhr","9":"pa_armband-rubber-lederausstattung","10":"pa_farbe-silber","11":"pa_farbe-des-zifferblatts-gruen","12":"pa_form-des-gehaeuses-round","13":"pa_funktionen-die-stunden-und-minutenzeiger-sekundenzeiger","14":"pa_gangreserve-ungefaehr-42-stunden","15":"pa_gehaeusedurchmesser-38-mm","16":"pa_gehaeusefarbe-stahl","17":"pa_gehaeusematerial-poliert-satiniert-titan","18":"pa_geschlecht-damenuhr","19":"pa_kaliber-mechanismus-klon-hublot-cal-1112","20":"pa_material-luenette-poliert-satiniert-titan","21":"pa_sammlung-classic-fusion-38-mm","22":"pa_stil-klassische-musik-casual","23":"pa_stundenmarker-zeiger","24":"pa_typ-kautschuk-leder","25":"pa_typ-des-mechanismus-mechanik-mit-automatischem-aufzug","27":"first","28":"instock","29":"purchasable","30":"product-type-simple"},"acf":[],"_links":{"self":[{"href":"https:\/\/luxhoron.com\/fr\/wp-json\/wp\/v2\/product\/11714","targetHints":{"allow":["GET"]}}],"collection":[{"href":"https:\/\/luxhoron.com\/fr\/wp-json\/wp\/v2\/product"}],"about":[{"href":"https:\/\/luxhoron.com\/fr\/wp-json\/wp\/v2\/types\/product"}],"wp:featuredmedia":[{"embeddable":true,"href":"https:\/\/luxhoron.com\/fr\/wp-json\/wp\/v2\/media\/11715"}],"wp:attachment":[{"href":"https:\/\/luxhoron.com\/fr\/wp-json\/wp\/v2\/media?parent=11714"}],"wp:term":[{"taxonomy":"product_brand","embeddable":true,"href":"https:\/\/luxhoron.com\/fr\/wp-json\/wp\/v2\/product_brand?post=11714"},{"taxonomy":"product_cat","embeddable":true,"href":"https:\/\/luxhoron.com\/fr\/wp-json\/wp\/v2\/product_cat?post=11714"},{"taxonomy":"product_tag","embeddable":true,"href":"https:\/\/luxhoron.com\/fr\/wp-json\/wp\/v2\/product_tag?post=11714"}],"curies":[{"name":"wp","href":"https:\/\/api.w.org\/{rel}","templated":true}]}}