{"id":11559,"date":"2025-10-13T09:20:51","date_gmt":"2025-10-13T06:20:51","guid":{"rendered":"https:\/\/luxhoron.com\/product\/omega-constellation\/"},"modified":"2025-12-16T20:26:18","modified_gmt":"2025-12-16T17:26:18","slug":"omega-constellation","status":"publish","type":"product","link":"https:\/\/luxhoron.com\/fr\/product\/omega-constellation\/","title":{"rendered":"Omega Constellation"},"content":{"rendered":"<p>Sammlung-Constellation Lady <br \/> Paul -Damenuhr <br \/> Stil &#8211; Klassiker <\/p>\n<p> <strong><strong>MECHANISMUS<\/strong><\/strong> <br \/> Mechanismus &#8211; Schweiz <br \/> Art des Mechanismus: Quarz <br \/> Funktionen -Stunden-und Minutenzeiger, Sekundenzeiger <br \/> Gangreserve von Etwa 42 Stunden <\/p>\n<p> <strong><strong>ZIFFERBLATT<\/strong><\/strong> <br \/> Glas &#8211; Saphirglas <br \/> Zifferblatt &#8211; Glatte <br \/> Farbe des Zifferblattes -Milch &#8211; <br \/> Indexe &#8211; Zeiger <\/p>\n<p> <strong><strong>GEH\u00c4USE<\/strong><\/strong> <br \/>&#8211; Material Geh\u00e4use &#8211; Edelstahl 316L, IPG <br \/> Geh\u00e4usefarbe &#8211; gelb-Gold &#8211; <br \/> Geh\u00e4useform &#8211; Rund <br \/> Geh\u00e4usedurchmesser -27 mm <br \/> Material L\u00fcnette &#8211; Edelstahl <br \/> Wasserdicht Bis 10 ATM. <\/p>\n<p> <strong><strong>ARMBAND<\/strong><\/strong> <br \/> &#8211; Armband -Stahl &#8211; <br \/> Verschluss &#8211; Branded ausziehbares Clip <br \/><\/br><\/br><\/br><\/br><\/br><\/br><\/br><\/br><\/br><\/br><\/br><\/br><\/br><\/br><\/br><\/br><\/br><\/br><\/br><\/br><\/br><\/br><\/br><\/br><\/br><\/br><\/br><br \/> -Sammlung-Constellation Lady <br \/> Paul -Damenuhr <br \/> Stil &#8211; Klassiker <\/p>\n<p> <strong><strong>MECHANISMUS<\/strong><\/strong> <br \/> Mechanismus &#8211; Schweiz <br \/> Art des Mechanismus: Quarz <br \/> Funktionen -Stunden-und Minutenzeiger, Sekundenzeiger <br \/> Gangreserve von Etwa 42 Stunden <\/p>\n<p> <strong><strong>ZIFFERBLATT<\/strong><\/strong> <br \/> Glas &#8211; Saphirglas <br \/> Zifferblatt &#8211; Glatte <br \/> Farbe des Zifferblattes -Milch &#8211; <br \/> Indexe &#8211; Zeiger <\/p>\n<p> <strong><strong>GEH\u00c4USE<\/strong><\/strong> <br \/>&#8211; Material Geh\u00e4use &#8211; Edelstahl 316L, IPG <br \/> Geh\u00e4usefarbe &#8211; gelb-Gold &#8211; <br \/> Geh\u00e4useform &#8211; Rund <br \/> Geh\u00e4usedurchmesser -27 mm <br \/> Material L\u00fcnette &#8211; Edelstahl <br \/> Wasserdicht Bis 10 ATM. <\/p>\n<p> <strong><strong>ARMBAND<\/strong><\/strong> <br \/> &#8211; Armband -Stahl &#8211; <br \/> Verschluss &#8211; Branded ausziehbares Clip <br \/><\/br><\/br><\/br><\/br><\/br><\/br><\/br><\/br><\/br><\/br><\/br><\/br><\/br><\/br><\/br><\/br><\/br><\/br><\/br><\/br><\/br><\/br><\/br><\/br><\/br><\/br><\/br><\/p>","protected":false},"excerpt":{"rendered":"<p>Sammlung-Constellation Lady Paul -Damenuhr Stil &#8211; Klassiker MECHANISMUS Mechanismus &#8211; Schweiz Art des Mechanismus: Quarz Funktionen -Stunden-und Minutenzeiger, Sekundenzeiger Gangreserve von Etwa 42 Stunden ZIFFERBLATT Glas &#8211; Saphirglas Zifferblatt &#8211; Glatte Farbe des Zifferblattes -Milch &#8211; Indexe &#8211; Zeiger GEH\u00c4USE &#8211; Material Geh\u00e4use &#8211; Edelstahl 316L, IPG Geh\u00e4usefarbe &#8211; gelb-Gold &#8211; Geh\u00e4useform &#8211; Rund Geh\u00e4usedurchmesser [&hellip;]<\/p>","protected":false},"featured_media":11560,"template":"","meta":{"_acf_changed":false,"inline_featured_image":false},"product_brand":[],"product_cat":[1070,1069,1068],"product_tag":[],"class_list":{"0":"post-11559","1":"product","2":"type-product","3":"status-publish","4":"has-post-thumbnail","6":"product_cat-constellation","7":"product_cat-omega","8":"product_cat-uhr","9":"pa_armband-stahl","10":"pa_farbe-gold","11":"pa_farbe-des-zifferblatts-milch","12":"pa_form-des-gehaeuses-round","13":"pa_funktionen-die-stunden-und-minutenzeiger-sekundenzeiger","14":"pa_gangreserve-ungefaehr-42-stunden","15":"pa_gehaeusedurchmesser-27-mm","16":"pa_gehaeusefarbe-gelbgold","17":"pa_gehaeusematerial-polierter-stahl-316l-ipg","18":"pa_geschlecht-damenuhr","19":"pa_material-luenette-polierter-stahl","20":"pa_sammlung-constellation-lady","21":"pa_stil-klassiker","22":"pa_stundenmarker-zeiger","23":"pa_typ-stahl","24":"pa_typ-des-mechanismus-quarz","25":"pa_verschluss-branded-ausziehbares-clip","26":"pa_zifferblatt-glatt","28":"first","29":"instock","30":"purchasable","31":"product-type-simple"},"acf":[],"_links":{"self":[{"href":"https:\/\/luxhoron.com\/fr\/wp-json\/wp\/v2\/product\/11559","targetHints":{"allow":["GET"]}}],"collection":[{"href":"https:\/\/luxhoron.com\/fr\/wp-json\/wp\/v2\/product"}],"about":[{"href":"https:\/\/luxhoron.com\/fr\/wp-json\/wp\/v2\/types\/product"}],"wp:featuredmedia":[{"embeddable":true,"href":"https:\/\/luxhoron.com\/fr\/wp-json\/wp\/v2\/media\/11560"}],"wp:attachment":[{"href":"https:\/\/luxhoron.com\/fr\/wp-json\/wp\/v2\/media?parent=11559"}],"wp:term":[{"taxonomy":"product_brand","embeddable":true,"href":"https:\/\/luxhoron.com\/fr\/wp-json\/wp\/v2\/product_brand?post=11559"},{"taxonomy":"product_cat","embeddable":true,"href":"https:\/\/luxhoron.com\/fr\/wp-json\/wp\/v2\/product_cat?post=11559"},{"taxonomy":"product_tag","embeddable":true,"href":"https:\/\/luxhoron.com\/fr\/wp-json\/wp\/v2\/product_tag?post=11559"}],"curies":[{"name":"wp","href":"https:\/\/api.w.org\/{rel}","templated":true}]}}