{"id":11450,"date":"2025-10-13T09:17:36","date_gmt":"2025-10-13T06:17:36","guid":{"rendered":"https:\/\/luxhoron.com\/product\/hublot-king-power-48-mm\/"},"modified":"2025-12-16T20:21:09","modified_gmt":"2025-12-16T17:21:09","slug":"hublot-king-power-48-mm","status":"publish","type":"product","link":"https:\/\/luxhoron.com\/fr\/product\/hublot-king-power-48-mm\/","title":{"rendered":"Hublot King Power 48 \u043c\u043c"},"content":{"rendered":"<p>Kollektion Hublot Big Bang King Power 48 mm<br \/>Geschlecht &#8211; Herren Uhr<br \/>Stil Casual<\/p>\n<p><strong>MECHANISMUS<\/strong><\/p>\n<p>Mechanismus &#8211; Schweiz<br \/>Typ des Mechanismus &#8211; Mechanik mit automatischem Aufzug<br \/>Kaliber &#8211; Mechanismus Klon cal. 7750<br \/>Funktionen &#8211; Stunden-und Minutenzeiger, Sekundenzeiger<br \/>Gangreserve von Etwa 42 Stunden<\/p>\n<p><strong>ZIFFERBLATT<\/strong><\/p>\n<p>Glas &#8211; Saphirglas<br \/>Zifferblatt Farbe &#8211; Schwarz<br \/>Indexe &#8211; Zeiger<\/p>\n<p><strong>GEH\u00c4USE<\/strong><\/p>\n<p>&#8211; Material Geh\u00e4use &#8211; Stahl 316L + Kohlefaser<br \/>Geh\u00e4usefarbe &#8211; Gold &#8211;<br \/>Geh\u00e4useform &#8211; Rund<br \/>Geh\u00e4usedurchmesser von 48 mm<br \/>Material L\u00fcnette Stahl 316L<br \/>Wasserdichtheit Bis 10 ATM.<\/p>\n<p><strong>ARMBAND<\/strong><\/p>\n<p>&#8211; Armband &#8211; Kautschuk &#8211; \/Lederausstattung<\/br><\/br><\/br><\/br><\/br><\/br><\/br><\/br><\/br><\/br><\/br><\/br><\/br><\/br><\/br><\/br><\/br><\/br><\/br><\/br><\/br><\/br><\/br><\/br><\/br><\/br><\/br><\/br><\/br><\/br><\/br><\/br><\/br><br \/>Kollektion Hublot Big Bang King Power 48 mm<br \/>Geschlecht &#8211; Herren Uhr<br \/>Stil Casual<\/p>\n<p><strong>MECHANISMUS<\/strong><\/p>\n<p>Mechanismus &#8211; Schweiz<br \/>Typ des Mechanismus &#8211; Mechanik mit automatischem Aufzug<br \/>Kaliber &#8211; Mechanismus Klon cal. 7750<br \/>Funktionen &#8211; Stunden-und Minutenzeiger, Sekundenzeiger<br \/>Gangreserve von Etwa 42 Stunden<\/p>\n<p><strong>ZIFFERBLATT<\/strong><\/p>\n<p>Glas &#8211; Saphirglas<br \/>Zifferblatt Farbe &#8211; Schwarz<br \/>Indexe &#8211; Zeiger<\/p>\n<p><strong>GEH\u00c4USE<\/strong><\/p>\n<p>&#8211; Material Geh\u00e4use &#8211; Stahl 316L + Kohlefaser<br \/>Geh\u00e4usefarbe &#8211; Gold &#8211;<br \/>Geh\u00e4useform &#8211; Rund<br \/>Geh\u00e4usedurchmesser von 48 mm<br \/>Material L\u00fcnette Stahl 316L<br \/>Wasserdichtheit Bis 10 ATM.<\/p>\n<p><strong>ARMBAND<\/strong><\/p>\n<p>&#8211; Armband &#8211; Kautschuk &#8211; \/Lederausstattung<\/br><\/br><\/br><\/br><\/br><\/br><\/br><\/br><\/br><\/br><\/br><\/br><\/br><\/br><\/br><\/br><\/br><\/br><\/br><\/br><\/br><\/br><\/br><\/br><\/br><\/br><\/br><\/br><\/br><\/br><\/br><\/br><\/br><\/p>","protected":false},"excerpt":{"rendered":"<p>Kollektion Hublot Big Bang King Power 48 mmGeschlecht &#8211; Herren UhrStil Casual MECHANISMUS Mechanismus &#8211; SchweizTyp des Mechanismus &#8211; Mechanik mit automatischem AufzugKaliber &#8211; Mechanismus Klon cal. 7750Funktionen &#8211; Stunden-und Minutenzeiger, SekundenzeigerGangreserve von Etwa 42 Stunden ZIFFERBLATT Glas &#8211; SaphirglasZifferblatt Farbe &#8211; SchwarzIndexe &#8211; Zeiger GEH\u00c4USE &#8211; Material Geh\u00e4use &#8211; Stahl 316L + KohlefaserGeh\u00e4usefarbe &#8211; [&hellip;]<\/p>","protected":false},"featured_media":11451,"template":"","meta":{"_acf_changed":false,"inline_featured_image":false},"product_brand":[],"product_cat":[1122,1519,1068],"product_tag":[],"class_list":{"0":"post-11450","1":"product","2":"type-product","3":"status-publish","4":"has-post-thumbnail","6":"product_cat-hublot","7":"product_cat-king-power","8":"product_cat-uhr","9":"pa_armband-rubber-lederausstattung","10":"pa_farbe-des-zifferblatts-schwarz","11":"pa_form-des-gehaeuses-round","12":"pa_funktionen-die-stunden-und-minutenzeiger-sekundenzeiger","13":"pa_gangreserve-ungefaehr-42-stunden","14":"pa_gehaeusedurchmesser-48-mm","15":"pa_gehaeusefarbe-gold","16":"pa_gehaeusematerial-316l-edelstahl-kohlefaser","17":"pa_geschlecht-herrenuhr","18":"pa_kaliber-mechanismus-klon-cal-7750","19":"pa_material-luenette-stahl-316l","20":"pa_sammlung-hublot-big-bang-king-power-48-mm-boden","21":"pa_stil-casual","22":"pa_stundenmarker-zeiger","23":"pa_typ-des-mechanismus-mechanik-mit-automatischem-aufzug","25":"first","26":"instock","27":"purchasable","28":"product-type-simple"},"acf":[],"_links":{"self":[{"href":"https:\/\/luxhoron.com\/fr\/wp-json\/wp\/v2\/product\/11450","targetHints":{"allow":["GET"]}}],"collection":[{"href":"https:\/\/luxhoron.com\/fr\/wp-json\/wp\/v2\/product"}],"about":[{"href":"https:\/\/luxhoron.com\/fr\/wp-json\/wp\/v2\/types\/product"}],"wp:featuredmedia":[{"embeddable":true,"href":"https:\/\/luxhoron.com\/fr\/wp-json\/wp\/v2\/media\/11451"}],"wp:attachment":[{"href":"https:\/\/luxhoron.com\/fr\/wp-json\/wp\/v2\/media?parent=11450"}],"wp:term":[{"taxonomy":"product_brand","embeddable":true,"href":"https:\/\/luxhoron.com\/fr\/wp-json\/wp\/v2\/product_brand?post=11450"},{"taxonomy":"product_cat","embeddable":true,"href":"https:\/\/luxhoron.com\/fr\/wp-json\/wp\/v2\/product_cat?post=11450"},{"taxonomy":"product_tag","embeddable":true,"href":"https:\/\/luxhoron.com\/fr\/wp-json\/wp\/v2\/product_tag?post=11450"}],"curies":[{"name":"wp","href":"https:\/\/api.w.org\/{rel}","templated":true}]}}