{"id":11134,"date":"2025-10-13T09:11:10","date_gmt":"2025-10-13T06:11:10","guid":{"rendered":"https:\/\/luxhoron.com\/product\/rolex-datejust-36-mm-32\/"},"modified":"2025-10-13T09:11:25","modified_gmt":"2025-10-13T06:11:25","slug":"rolex-datejust-36-mm-32","status":"publish","type":"product","link":"https:\/\/luxhoron.com\/fr\/product\/rolex-datejust-36-mm-32\/","title":{"rendered":"Rolex Datejust 36 mm"},"content":{"rendered":"<p>Sammlung &#8211; Datejust 36<br \/>Paul &#8211; Damen-Uhren &#8211;<br \/>Style &#8211; klassisch\/Freizeit<\/p>\n<p><strong>MECHANISMUS<\/strong><\/p>\n<p>Mechanismus &#8211; Schweiz<br \/>Typ des Mechanismus &#8211; Mechanik mit automatischem Aufzug<br \/>Kaliber &#8211; Mechanismus Klon Rolex cal. 3135<br \/>Funktionen &#8211; Stunden-und Minutenzeiger, Sekundenzeiger, Datum<br \/>Gangreserve von Etwa 42 Stunden<\/p>\n<p><strong>ZIFFERBLATT<\/strong><\/p>\n<p>Glas &#8211; Saphirglas<br \/>Zifferblatt &#8211; ein Schlankes<br \/>Zifferblatt Farbe &#8211; Wei\u00df, schillernden<br \/>Indexe -Zeiger<\/p>\n<p><strong>GEH\u00c4USE<\/strong><\/p>\n<p>&#8211; Material Geh\u00e4use &#8211; Edelstahl 904L Stahl<br \/>Geh\u00e4usefarbe Stahl<br \/>Geh\u00e4useform &#8211; Rund<br \/>&#8211; Durchmesser-Geh\u00e4use &#8211; 36 mm<br \/>L\u00fcnette &#8211; Feste<br \/>Material L\u00fcnette &#8211; Edelstahl<br \/>Wasserdicht Bis 10 ATM.<\/p>\n<p><strong>ARMBAND<\/strong><\/p>\n<p>&#8211; Armband &#8211; Stahl &#8211;<br \/>Verschluss &#8211; Branded ausziehbares Clip<\/br><\/br><\/br><\/br><\/br><\/br><\/br><\/br><\/br><\/br><\/br><\/br><\/br><\/br><\/br><\/br><\/br><\/br><\/br><\/br><\/br><\/br><\/br><\/br><\/br><\/br><\/br><\/br><\/br><\/br><\/br><\/br><\/br><\/br><\/br><\/br><br \/>Collection &#8211; Datejust 36<br \/>Paul &#8211; Damen-Uhren &#8211;<br \/>Style &#8211; klassisch\/Freizeit<\/p>\n<p><strong>MECHANISMUS<\/strong><\/p>\n<p>Mechanismus &#8211; Schweiz<br \/>Typ des Mechanismus &#8211; Mechanik mit automatischem Aufzug<br \/>Kaliber &#8211; Mechanismus Klon Rolex cal. 3135<br \/>Funktionen &#8211; Stunden-und Minutenzeiger, Sekundenzeiger, Datum<br \/>Gangreserve von Etwa 42 Stunden<\/p>\n<p><strong>ZIFFERBLATT<\/strong><\/p>\n<p>Glas &#8211; Saphirglas<br \/>Zifferblatt &#8211; ein Schlankes<br \/>Zifferblatt Farbe &#8211; Wei\u00df, schillernden<br \/>Indexe -Zeiger<\/p>\n<p><strong>GEH\u00c4USE<\/strong><\/p>\n<p>&#8211; Material Geh\u00e4use &#8211; Edelstahl 904L Stahl<br \/>Geh\u00e4usefarbe Stahl<br \/>Geh\u00e4useform &#8211; Rund<br \/>&#8211; Durchmesser-Geh\u00e4use &#8211; 36 mm<br \/>L\u00fcnette &#8211; Feste<br \/>Material L\u00fcnette &#8211; Edelstahl<br \/>Wasserdicht Bis 10 ATM.<\/p>\n<p><strong>ARMBAND<\/strong><\/p>\n<p>&#8211; Armband &#8211; Stahl &#8211;<br \/>Verschluss &#8211; Branded ausziehbares Clip<\/br><\/br><\/br><\/br><\/br><\/br><\/br><\/br><\/br><\/br><\/br><\/br><\/br><\/br><\/br><\/br><\/br><\/br><\/br><\/br><\/br><\/br><\/br><\/br><\/br><\/br><\/br><\/br><\/br><\/br><\/br><\/br><\/br><\/br><\/br><\/br><\/p>","protected":false},"excerpt":{"rendered":"<p>Sammlung &#8211; Datejust 36Paul &#8211; Damen-Uhren &#8211;Style &#8211; klassisch\/Freizeit MECHANISMUS Mechanismus &#8211; SchweizTyp des Mechanismus &#8211; Mechanik mit automatischem AufzugKaliber &#8211; Mechanismus Klon Rolex cal. 3135Funktionen &#8211; Stunden-und Minutenzeiger, Sekundenzeiger, DatumGangreserve von Etwa 42 Stunden ZIFFERBLATT Glas &#8211; SaphirglasZifferblatt &#8211; ein SchlankesZifferblatt Farbe &#8211; Wei\u00df, schillerndenIndexe -Zeiger GEH\u00c4USE &#8211; Material Geh\u00e4use &#8211; Edelstahl 904L StahlGeh\u00e4usefarbe [&hellip;]<\/p>","protected":false},"featured_media":11135,"template":"","meta":{"_acf_changed":false,"inline_featured_image":false},"product_brand":[],"product_cat":[1178,1080,1068],"product_tag":[],"class_list":{"0":"post-11134","1":"product","2":"type-product","3":"status-publish","4":"has-post-thumbnail","6":"product_cat-datejust","7":"product_cat-rolex","8":"product_cat-uhr","9":"pa_armband-stahl","10":"pa_farbe-des-zifferblatts-weiss-funkelnde","11":"pa_form-des-gehaeuses-round","12":"pa_funktionen-die-stunden-und-minutenzeiger-sekundenzeiger-datum","13":"pa_gangreserve-ungefaehr-42-stunden","14":"pa_gehaeusedurchmesser-36-mm","15":"pa_gehaeusefarbe-stahl","16":"pa_gehaeusematerial-polierter-stahl-904l","17":"pa_geschlecht-damenuhr","18":"pa_kaliber-mechanismus-klon-rolex-cal-3135","19":"pa_material-luenette-polierter-stahl","20":"pa_sammlung-datejust-36","21":"pa_stil-klassische-musik-casual","22":"pa_stundenmarker-zeiger","23":"pa_typ-stahl","24":"pa_typ-des-mechanismus-mechanik-mit-automatischem-aufzug","25":"pa_verschluss-branded-ausziehbares-clip","26":"pa_zifferblatt-glatt","28":"first","29":"instock","30":"purchasable","31":"product-type-simple"},"acf":[],"_links":{"self":[{"href":"https:\/\/luxhoron.com\/fr\/wp-json\/wp\/v2\/product\/11134","targetHints":{"allow":["GET"]}}],"collection":[{"href":"https:\/\/luxhoron.com\/fr\/wp-json\/wp\/v2\/product"}],"about":[{"href":"https:\/\/luxhoron.com\/fr\/wp-json\/wp\/v2\/types\/product"}],"wp:featuredmedia":[{"embeddable":true,"href":"https:\/\/luxhoron.com\/fr\/wp-json\/wp\/v2\/media\/11135"}],"wp:attachment":[{"href":"https:\/\/luxhoron.com\/fr\/wp-json\/wp\/v2\/media?parent=11134"}],"wp:term":[{"taxonomy":"product_brand","embeddable":true,"href":"https:\/\/luxhoron.com\/fr\/wp-json\/wp\/v2\/product_brand?post=11134"},{"taxonomy":"product_cat","embeddable":true,"href":"https:\/\/luxhoron.com\/fr\/wp-json\/wp\/v2\/product_cat?post=11134"},{"taxonomy":"product_tag","embeddable":true,"href":"https:\/\/luxhoron.com\/fr\/wp-json\/wp\/v2\/product_tag?post=11134"}],"curies":[{"name":"wp","href":"https:\/\/api.w.org\/{rel}","templated":true}]}}