{"id":11128,"date":"2025-10-13T09:11:10","date_gmt":"2025-10-13T06:11:10","guid":{"rendered":"https:\/\/luxhoron.com\/product\/audemars-piguet-royal-oak-37-mm-20\/"},"modified":"2025-10-13T09:11:22","modified_gmt":"2025-10-13T06:11:22","slug":"audemars-piguet-royal-oak-37-mm-20","status":"publish","type":"product","link":"https:\/\/luxhoron.com\/fr\/product\/audemars-piguet-royal-oak-37-mm-20\/","title":{"rendered":"Audemars Piguet Royal Oak 37 mm"},"content":{"rendered":"<p>Geschlecht Damenuhr<br \/>Stil &#8211; klassische Musik\/Casual<\/p>\n<p><strong>MECHANISMUS<\/strong><\/p>\n<p>Mechanismus &#8211; Schweiz<br \/>Typ des Mechanismus &#8211; Mechanik mit automatischem Aufzug<br \/>Kaliber &#8211; Klon Audemars Piguet cal. 3120<br \/>Funktionen &#8211; Stunden-und Minutenzeiger, Sekundenzeiger, Datum<br \/>Gangreserve von Etwa 42 Stunden<\/p>\n<p><strong>ZIFFERBLATT<\/strong><\/p>\n<p>Glas &#8211; Saphirglas auf beiden Seiten<br \/>des Zifferblattes &#8211; Schlankes<br \/>Zifferblatt Farbe &#8211; Blau<br \/>Indexe -Zeiger<\/p>\n<p><strong>&#8211; GEH\u00c4USE<\/strong><\/p>\n<p>Geh\u00e4use-Material &#8211; Polierter Stahl mit IPG Beschichtung<br \/>Farbe Geh\u00e4use &#8211; Edelstahl<br \/>Geh\u00e4useform &#8211; Rund<br \/>Geh\u00e4usedurchmesser von 37 mm<br \/>L\u00fcnette &#8211; Feste<br \/>Material L\u00fcnette &#8211; Polierter Stahl mit IPG Beschichtung<br \/>Wasserdicht Bis 10 ATM.<\/p>\n<p><strong>ARMBAND<\/strong><\/p>\n<p>&#8211; Armband &#8211; Stahl &#8211;<br \/>Verschluss &#8211; Branded ausziehbares Clip<\/p>\n<p><\/br><\/br><\/br><\/br><\/br><\/br><\/br><\/br><\/br><\/br><\/br><\/br><\/br><\/br><\/br><\/br><\/br><\/br><\/br><\/br><\/br><\/br><\/br><\/br><\/br><\/br><\/br><\/br><\/br><\/br><\/br><\/br><\/br><\/br><\/br><\/br><\/br><\/br><br \/>Geschlecht &#8211; Damen-Uhren &#8211;<br \/>Style &#8211; klassisch\/Freizeit<\/p>\n<p><strong>MECHANISMUS<\/strong><\/p>\n<p>Mechanismus &#8211; Schweiz<br \/>Typ des Mechanismus &#8211; Mechanik mit automatischem Aufzug<br \/>Kaliber &#8211; Klon Audemars Piguet cal. 3120<br \/>Funktionen &#8211; Stunden-und Minutenzeiger, Sekundenzeiger, Datum<br \/>Gangreserve von Etwa 42 Stunden<\/p>\n<p><strong>ZIFFERBLATT<\/strong><\/p>\n<p>Glas &#8211; Saphirglas auf beiden Seiten<br \/>des Zifferblattes &#8211; Schlankes<br \/>Zifferblatt Farbe &#8211; Blau<br \/>Indexe -Zeiger<\/p>\n<p><strong>&#8211; GEH\u00c4USE<\/strong><\/p>\n<p>Geh\u00e4use-Material &#8211; Polierter Stahl mit IPG Beschichtung<br \/>Farbe Geh\u00e4use &#8211; Edelstahl<br \/>Geh\u00e4useform &#8211; Rund<br \/>Geh\u00e4usedurchmesser von 37 mm<br \/>L\u00fcnette &#8211; Feste<br \/>Material L\u00fcnette &#8211; Polierter Stahl mit IPG Beschichtung<br \/>Wasserdicht Bis 10 ATM.<\/p>\n<p><strong>ARMBAND<\/strong><\/p>\n<p>&#8211; Armband &#8211; Stahl &#8211;<br \/>Verschluss &#8211; Branded ausziehbares Clip<\/p>\n<p><\/br><\/br><\/br><\/br><\/br><\/br><\/br><\/br><\/br><\/br><\/br><\/br><\/br><\/br><\/br><\/br><\/br><\/br><\/br><\/br><\/br><\/br><\/br><\/br><\/br><\/br><\/br><\/br><\/br><\/br><\/br><\/br><\/br><\/br><\/br><\/br><\/br><\/br><\/p>","protected":false},"excerpt":{"rendered":"<p>Geschlecht DamenuhrStil &#8211; klassische Musik\/Casual MECHANISMUS Mechanismus &#8211; SchweizTyp des Mechanismus &#8211; Mechanik mit automatischem AufzugKaliber &#8211; Klon Audemars Piguet cal. 3120Funktionen &#8211; Stunden-und Minutenzeiger, Sekundenzeiger, DatumGangreserve von Etwa 42 Stunden ZIFFERBLATT Glas &#8211; Saphirglas auf beiden Seitendes Zifferblattes &#8211; SchlankesZifferblatt Farbe &#8211; BlauIndexe -Zeiger &#8211; GEH\u00c4USE Geh\u00e4use-Material &#8211; Polierter Stahl mit IPG BeschichtungFarbe Geh\u00e4use [&hellip;]<\/p>","protected":false},"featured_media":11129,"template":"","meta":{"_acf_changed":false,"inline_featured_image":false},"product_brand":[],"product_cat":[1104,1105,1068],"product_tag":[],"class_list":{"0":"post-11128","1":"product","2":"type-product","3":"status-publish","4":"has-post-thumbnail","6":"product_cat-audemars-piguet","7":"product_cat-royal-oak","8":"product_cat-uhr","9":"pa_armband-stahl","10":"pa_farbe-des-zifferblatts-blau","11":"pa_form-des-gehaeuses-round","12":"pa_funktionen-die-stunden-und-minutenzeiger-sekundenzeiger-datum","13":"pa_gangreserve-ungefaehr-42-stunden","14":"pa_gehaeusedurchmesser-37-mm","15":"pa_gehaeusefarbe-stahl","16":"pa_gehaeusematerial-polierte-stahl-mit-ipg-beschichtung","17":"pa_geschlecht-damenuhr","18":"pa_kaliber-klon-audemars-piguet-cal-3120","19":"pa_material-luenette-polierte-stahl-mit-ipg-beschichtung","20":"pa_stil-klassische-musik-casual","21":"pa_stundenmarker-zeiger","22":"pa_typ-des-mechanismus-mechanik-mit-automatischem-aufzug","23":"pa_verschluss-branded-ausziehbares-clip","24":"pa_zifferblatt-glatt","26":"first","27":"instock","28":"purchasable","29":"product-type-simple"},"acf":[],"_links":{"self":[{"href":"https:\/\/luxhoron.com\/fr\/wp-json\/wp\/v2\/product\/11128","targetHints":{"allow":["GET"]}}],"collection":[{"href":"https:\/\/luxhoron.com\/fr\/wp-json\/wp\/v2\/product"}],"about":[{"href":"https:\/\/luxhoron.com\/fr\/wp-json\/wp\/v2\/types\/product"}],"wp:featuredmedia":[{"embeddable":true,"href":"https:\/\/luxhoron.com\/fr\/wp-json\/wp\/v2\/media\/11129"}],"wp:attachment":[{"href":"https:\/\/luxhoron.com\/fr\/wp-json\/wp\/v2\/media?parent=11128"}],"wp:term":[{"taxonomy":"product_brand","embeddable":true,"href":"https:\/\/luxhoron.com\/fr\/wp-json\/wp\/v2\/product_brand?post=11128"},{"taxonomy":"product_cat","embeddable":true,"href":"https:\/\/luxhoron.com\/fr\/wp-json\/wp\/v2\/product_cat?post=11128"},{"taxonomy":"product_tag","embeddable":true,"href":"https:\/\/luxhoron.com\/fr\/wp-json\/wp\/v2\/product_tag?post=11128"}],"curies":[{"name":"wp","href":"https:\/\/api.w.org\/{rel}","templated":true}]}}