{"id":10919,"date":"2025-10-13T09:06:05","date_gmt":"2025-10-13T06:06:05","guid":{"rendered":"https:\/\/luxhoron.com\/product\/breitling-avenger-bandit-titanium\/"},"modified":"2025-12-16T20:17:50","modified_gmt":"2025-12-16T17:17:50","slug":"breitling-avenger-bandit-titanium","status":"publish","type":"product","link":"https:\/\/luxhoron.com\/fr\/product\/breitling-avenger-bandit-titanium\/","title":{"rendered":"Breitling Avenger Bandit Titanium"},"content":{"rendered":"<p>Paul &#8211; Herrenuhr<\/p>\n<p>&#8211; Stil &#8211; klassische Musik\/Casual<\/p>\n<p><strong>MECHANISMUS<\/strong><\/p>\n<p>Mechanismus &#8211; Schweiz<\/p>\n<p>Typ des Mechanismus &#8211; Mechanik mit automatischem Aufzug<\/p>\n<p>Kaliber &#8211; Asian 7750 automatic movement von 28.000 VPH.<\/p>\n<p>Funktionen &#8211; Stunden-und Minutenzeiger, Sekundenzeiger, Datum. Chronograph.<\/p>\n<p>Gangreserve von Etwa 42 Stunden<\/p>\n<p><strong>ZIFFERBLATT<\/strong><\/p>\n<p>Glas Saphirglas<\/p>\n<p><strong>GEH\u00c4USE<\/strong><\/p>\n<p>&#8211; Material Geh\u00e4use &#8211; Edelstahl 316L<\/p>\n<p>Farbe des Geh\u00e4uses Schwarz<\/p>\n<p>Form des Geh\u00e4uses &#8211; Rundes<\/p>\n<p>Geh\u00e4use-Durchmesser &#8211; 45 mm<\/p>\n<p>L\u00fcnette in eine Richtung Drehbare<\/p>\n<p>Material L\u00fcnette &#8211; Stahl Geschliffen<\/p>\n<p>Wasserdicht Bis 5 ATM.<\/p>\n<p><strong>ARMBAND<\/strong><\/p>\n<p>&#8211; Armband &#8211; Kevlar &#8211;<\/p>\n<p>Zip &#8211; Branded ausziehbares Clip<\/br><\/br><\/br><\/br><\/br><\/br><\/br><\/br><\/br><\/br><\/br><\/br><\/br><\/br><\/br><\/br><\/br><\/br><\/br><\/br><\/br><\/br><\/br><\/br><\/br><\/br><\/br><\/br><\/br><\/br><\/br><\/br><\/br><\/br><\/br><\/br><\/br><\/br><\/br><\/br><\/br><\/br><\/br><\/br><\/br><\/br><\/br><br \/>Geschlecht &#8211; Herren-Uhr<\/p>\n<p>&#8211; Stil &#8211; klassische Musik\/Casual<\/p>\n<p><strong>MECHANISMUS<\/strong><\/p>\n<p>Mechanismus &#8211; Schweiz<\/p>\n<p>Typ des Mechanismus &#8211; Mechanik mit automatischem Aufzug<\/p>\n<p>Kaliber &#8211; Asian 7750 automatic movement von 28.000 VPH.<\/p>\n<p>Funktionen &#8211; Stunden-und Minutenzeiger, Sekundenzeiger, Datum. Chronograph.<\/p>\n<p>Gangreserve von Etwa 42 Stunden<\/p>\n<p><strong>ZIFFERBLATT<\/strong><\/p>\n<p>Glas Saphirglas<\/p>\n<p><strong>GEH\u00c4USE<\/strong><\/p>\n<p>&#8211; Material Geh\u00e4use &#8211; Edelstahl 316L<\/p>\n<p>Farbe des Geh\u00e4uses Schwarz<\/p>\n<p>Form des Geh\u00e4uses &#8211; Rundes<\/p>\n<p>Geh\u00e4use-Durchmesser &#8211; 45 mm<\/p>\n<p>L\u00fcnette in eine Richtung Drehbare<\/p>\n<p>Material L\u00fcnette &#8211; Stahl Geschliffen<\/p>\n<p>Wasserdicht Bis 5 ATM.<\/p>\n<p><strong>ARMBAND<\/strong><\/p>\n<p>&#8211; Armband &#8211; Kevlar &#8211;<\/p>\n<p>Zip &#8211; Branded ausziehbares Clip<\/br><\/br><\/br><\/br><\/br><\/br><\/br><\/br><\/br><\/br><\/br><\/br><\/br><\/br><\/br><\/br><\/br><\/br><\/br><\/br><\/br><\/br><\/br><\/br><\/br><\/br><\/br><\/br><\/br><\/br><\/br><\/br><\/br><\/br><\/br><\/br><\/br><\/br><\/br><\/br><\/br><\/br><\/br><\/br><\/br><\/br><\/br><\/p>","protected":false},"excerpt":{"rendered":"<p>Paul &#8211; Herrenuhr &#8211; Stil &#8211; klassische Musik\/Casual MECHANISMUS Mechanismus &#8211; Schweiz Typ des Mechanismus &#8211; Mechanik mit automatischem Aufzug Kaliber &#8211; Asian 7750 automatic movement von 28.000 VPH. Funktionen &#8211; Stunden-und Minutenzeiger, Sekundenzeiger, Datum. Chronograph. Gangreserve von Etwa 42 Stunden ZIFFERBLATT Glas Saphirglas GEH\u00c4USE &#8211; Material Geh\u00e4use &#8211; Edelstahl 316L Farbe des Geh\u00e4uses Schwarz [&hellip;]<\/p>","protected":false},"featured_media":10920,"template":"","meta":{"_acf_changed":false,"inline_featured_image":false},"product_brand":[],"product_cat":[1481,1244,1068],"product_tag":[],"class_list":{"0":"post-10919","1":"product","2":"type-product","3":"status-publish","4":"has-post-thumbnail","6":"product_cat-avenger","7":"product_cat-breitling","8":"product_cat-uhr","9":"pa_armband-kevlar","10":"pa_farbe-silber","11":"pa_form-des-gehaeuses-runde","12":"pa_funktionen-die-stunden-und-minutenzeiger-sekundenzeiger-datum-chronograph","13":"pa_gangreserve-ungefaehr-42-stunden","14":"pa_gehaeusedurchmesser-45-mm","15":"pa_gehaeusefarbe-schwarz","16":"pa_gehaeusematerial-stahl-316l","17":"pa_geschlecht-mens-watch-style","18":"pa_kaliber-asian-7750-automatic-movement-von-28-000-vph","19":"pa_material-luenette-aus-gebuerstetem-stahl","20":"pa_stil-klassische-musik-casual","21":"pa_typ-kevlar","22":"pa_typ-des-mechanismus-mechanik-mit-automatischem-aufzug","23":"pa_verschluss-branded-ausziehbares-clip","25":"first","26":"instock","27":"purchasable","28":"product-type-simple"},"acf":[],"_links":{"self":[{"href":"https:\/\/luxhoron.com\/fr\/wp-json\/wp\/v2\/product\/10919","targetHints":{"allow":["GET"]}}],"collection":[{"href":"https:\/\/luxhoron.com\/fr\/wp-json\/wp\/v2\/product"}],"about":[{"href":"https:\/\/luxhoron.com\/fr\/wp-json\/wp\/v2\/types\/product"}],"wp:featuredmedia":[{"embeddable":true,"href":"https:\/\/luxhoron.com\/fr\/wp-json\/wp\/v2\/media\/10920"}],"wp:attachment":[{"href":"https:\/\/luxhoron.com\/fr\/wp-json\/wp\/v2\/media?parent=10919"}],"wp:term":[{"taxonomy":"product_brand","embeddable":true,"href":"https:\/\/luxhoron.com\/fr\/wp-json\/wp\/v2\/product_brand?post=10919"},{"taxonomy":"product_cat","embeddable":true,"href":"https:\/\/luxhoron.com\/fr\/wp-json\/wp\/v2\/product_cat?post=10919"},{"taxonomy":"product_tag","embeddable":true,"href":"https:\/\/luxhoron.com\/fr\/wp-json\/wp\/v2\/product_tag?post=10919"}],"curies":[{"name":"wp","href":"https:\/\/api.w.org\/{rel}","templated":true}]}}