{"id":10909,"date":"2025-10-13T09:06:05","date_gmt":"2025-10-13T06:06:05","guid":{"rendered":"https:\/\/luxhoron.com\/product\/breitling-avenger-14\/"},"modified":"2025-12-16T20:17:49","modified_gmt":"2025-12-16T17:17:49","slug":"breitling-avenger-14","status":"publish","type":"product","link":"https:\/\/luxhoron.com\/fr\/product\/breitling-avenger-14\/","title":{"rendered":"Breitling Avenger"},"content":{"rendered":"<p>Paul &#8211; Herrenuhr<br \/>&#8211; Stil &#8211; klassische Musik\/Casual<\/p>\n<p><strong>MECHANISMUS<\/strong><\/p>\n<p>Mechanismus &#8211; Schweiz<br \/>Typ des Mechanismus &#8211; Mechanik mit automatischem Aufzug<br \/>Kaliber ETA cal. 2836<br \/>Funktionen &#8211; Stunden-und Minutenzeiger, Sekundenzeiger, Datum.<br \/>Gangreserve von Etwa 42 Stunden<\/p>\n<p><strong>ZIFFERBLATT<\/strong><\/p>\n<p>Glas &#8211; Saphirglas<\/p>\n<p><strong>&#8211; GEH\u00c4USE<\/strong><\/p>\n<p>Geh\u00e4use aus Geb\u00fcrstetem Stahl<br \/>Geh\u00e4usefarbe Schwarz<br \/>Geh\u00e4useform &#8211; Rund<br \/>Geh\u00e4usedurchmesser &#8211; 43 mm<br \/>L\u00fcnette in eine Richtung Drehbare<br \/>Material L\u00fcnette &#8211; Stahl Geschliffen<br \/>Wasserdicht Bis 5 ATM.<\/p>\n<p><strong>ARMBAND<\/strong><\/p>\n<p>&#8211; Armband &#8211; Kautschuk<br \/>Verschluss &#8211; Branded ausziehbares Clip<\/br><\/br><\/br><\/br><\/br><\/br><\/br><\/br><\/br><\/br><\/br><\/br><\/br><\/br><\/br><\/br><\/br><\/br><\/br><\/br><\/br><\/br><\/br><\/br><\/br><\/br><\/br><\/br><\/br><\/br><\/br><\/br><br \/>Geschlecht &#8211; Herren-Uhr<br \/>&#8211; Stil &#8211; klassische Musik\/Casual<\/p>\n<p><strong>MECHANISMUS<\/strong><\/p>\n<p>Mechanismus &#8211; Schweiz<br \/>Typ des Mechanismus &#8211; Mechanik mit automatischem Aufzug<br \/>Kaliber ETA cal. 2836<br \/>Funktionen &#8211; Stunden-und Minutenzeiger, Sekundenzeiger, Datum.<br \/>Gangreserve von Etwa 42 Stunden<\/p>\n<p><strong>ZIFFERBLATT<\/strong><\/p>\n<p>Glas &#8211; Saphirglas<\/p>\n<p><strong>&#8211; GEH\u00c4USE<\/strong><\/p>\n<p>Geh\u00e4use aus Geb\u00fcrstetem Stahl<br \/>Geh\u00e4usefarbe Schwarz<br \/>Geh\u00e4useform &#8211; Rund<br \/>Geh\u00e4usedurchmesser &#8211; 43 mm<br \/>L\u00fcnette in eine Richtung Drehbare<br \/>Material L\u00fcnette &#8211; Stahl Geschliffen<br \/>Wasserdicht Bis 5 ATM.<\/p>\n<p><strong>ARMBAND<\/strong><\/p>\n<p>&#8211; Armband &#8211; Kautschuk<br \/>Verschluss &#8211; Branded ausziehbares Clip<\/br><\/br><\/br><\/br><\/br><\/br><\/br><\/br><\/br><\/br><\/br><\/br><\/br><\/br><\/br><\/br><\/br><\/br><\/br><\/br><\/br><\/br><\/br><\/br><\/br><\/br><\/br><\/br><\/br><\/br><\/br><\/br><\/p>","protected":false},"excerpt":{"rendered":"<p>Paul &#8211; Herrenuhr&#8211; Stil &#8211; klassische Musik\/Casual MECHANISMUS Mechanismus &#8211; SchweizTyp des Mechanismus &#8211; Mechanik mit automatischem AufzugKaliber ETA cal. 2836Funktionen &#8211; Stunden-und Minutenzeiger, Sekundenzeiger, Datum.Gangreserve von Etwa 42 Stunden ZIFFERBLATT Glas &#8211; Saphirglas &#8211; GEH\u00c4USE Geh\u00e4use aus Geb\u00fcrstetem StahlGeh\u00e4usefarbe SchwarzGeh\u00e4useform &#8211; RundGeh\u00e4usedurchmesser &#8211; 43 mmL\u00fcnette in eine Richtung DrehbareMaterial L\u00fcnette &#8211; Stahl GeschliffenWasserdicht Bis [&hellip;]<\/p>","protected":false},"featured_media":10910,"template":"","meta":{"_acf_changed":false,"inline_featured_image":false},"product_brand":[],"product_cat":[1481,1244,1068],"product_tag":[],"class_list":{"0":"post-10909","1":"product","2":"type-product","3":"status-publish","4":"has-post-thumbnail","6":"product_cat-avenger","7":"product_cat-breitling","8":"product_cat-uhr","9":"pa_armband-kautschuk","10":"pa_form-des-gehaeuses-runde","11":"pa_funktionen-die-stunden-und-minutenzeiger-sekundenzeiger-datum","12":"pa_gangreserve-etwa-42-stunden-zifferblatt-glas","13":"pa_gehaeusedurchmesser-43-mm","14":"pa_gehaeusefarbe-schwarz","15":"pa_gehaeusematerial-aus-gebuerstetem-stahl","16":"pa_geschlecht-mens-watch-style","17":"pa_kaliber-eta-cal-2836","18":"pa_material-luenette-aus-gebuerstetem-stahl","19":"pa_stil-klassische-musik-casual","20":"pa_typ-des-mechanismus-mechanik-mit-automatischem-aufzug","21":"pa_verschluss-branded-ausziehbares-clip","23":"first","24":"instock","25":"purchasable","26":"product-type-simple"},"acf":[],"_links":{"self":[{"href":"https:\/\/luxhoron.com\/fr\/wp-json\/wp\/v2\/product\/10909","targetHints":{"allow":["GET"]}}],"collection":[{"href":"https:\/\/luxhoron.com\/fr\/wp-json\/wp\/v2\/product"}],"about":[{"href":"https:\/\/luxhoron.com\/fr\/wp-json\/wp\/v2\/types\/product"}],"wp:featuredmedia":[{"embeddable":true,"href":"https:\/\/luxhoron.com\/fr\/wp-json\/wp\/v2\/media\/10910"}],"wp:attachment":[{"href":"https:\/\/luxhoron.com\/fr\/wp-json\/wp\/v2\/media?parent=10909"}],"wp:term":[{"taxonomy":"product_brand","embeddable":true,"href":"https:\/\/luxhoron.com\/fr\/wp-json\/wp\/v2\/product_brand?post=10909"},{"taxonomy":"product_cat","embeddable":true,"href":"https:\/\/luxhoron.com\/fr\/wp-json\/wp\/v2\/product_cat?post=10909"},{"taxonomy":"product_tag","embeddable":true,"href":"https:\/\/luxhoron.com\/fr\/wp-json\/wp\/v2\/product_tag?post=10909"}],"curies":[{"name":"wp","href":"https:\/\/api.w.org\/{rel}","templated":true}]}}