{"id":10768,"date":"2025-10-13T09:02:49","date_gmt":"2025-10-13T06:02:49","guid":{"rendered":"https:\/\/luxhoron.com\/product\/breitling-avenger-ii-seawolf-3\/"},"modified":"2025-12-16T20:17:51","modified_gmt":"2025-12-16T17:17:51","slug":"breitling-avenger-ii-seawolf-3","status":"publish","type":"product","link":"https:\/\/luxhoron.com\/fr\/product\/breitling-avenger-ii-seawolf-3\/","title":{"rendered":"Breitling Avenger II Seawolf"},"content":{"rendered":"<p>Paul &#8211; Herrenuhr <\/p>\n<p> &#8211; Stil &#8211; klassische Musik\/Casual <\/p>\n<p> <strong>MECHANISMUS<\/strong> <\/p>\n<p> Mechanismus &#8211; Schweiz <\/p>\n<p> Typ des Mechanismus &#8211; Mechanik mit automatischem Aufzug <\/p>\n<p> Kaliber ETA cal. 2836 <\/p>\n<p>Funktionen &#8211; Stunden-und Minutenzeiger, Sekundenzeiger, Datum. <\/p>\n<p> Gangreserve von Etwa 42 Stunden <\/p>\n<p> <strong>ZIFFERBLATT<\/strong> <\/p>\n<p> Glas &#8211; Saphirglas <br \/> <strong><\/strong> <\/p>\n<p> <strong>&#8211; GEH\u00c4USE<\/strong> <\/p>\n<p> Geh\u00e4use aus Geb\u00fcrstetem Stahl <strong><\/strong><\/p>\n<p> Geh\u00e4usefarbe Stahl<\/p>\n<p> Geh\u00e4useform &#8211; Rund<\/p>\n<p> &#8211; Durchmesser des Geh\u00e4uses betr\u00e4gt 45 mm<\/p>\n<p> L\u00fcnette in eine Richtung Drehbare <\/p>\n<p>Material L\u00fcnette &#8211; Stahl Geschliffen <\/p>\n<p> Wasserdicht Bis 5 ATM. <\/p>\n<p> <strong>ARMBAND<\/strong> <\/p>\n<p> &#8211; Armband &#8211; Kautschuk <\/p>\n<p> Verschluss &#8211; Branded ausziehbares Clip <\/p>\n<p> <\/br><\/br><\/br><\/br><\/br><\/br><\/br><\/br><\/br><\/br><\/br><\/br><\/br><\/br><\/br><\/br><\/br><\/br><\/br><\/br><\/br><\/br><\/br><\/br><\/br><\/br><\/br><\/br><\/br><\/br><\/br><\/br><\/br><\/br><\/br><\/br><\/br><\/br><\/br><\/br><\/br><\/br><\/br><\/br><\/br><\/br><\/br><\/br><\/br><br \/>Geschlecht &#8211; Herren-Uhr <\/p>\n<p> &#8211; Stil &#8211; klassische Musik\/Casual <\/p>\n<p> <strong>MECHANISMUS<\/strong> <\/p>\n<p> Mechanismus &#8211; Schweiz <\/p>\n<p> Typ des Mechanismus &#8211; Mechanik mit automatischem Aufzug <\/p>\n<p> Kaliber ETA cal. 2836 <\/p>\n<p>Funktionen &#8211; Stunden-und Minutenzeiger, Sekundenzeiger, Datum. <\/p>\n<p> Gangreserve von Etwa 42 Stunden <\/p>\n<p> <strong>ZIFFERBLATT<\/strong> <\/p>\n<p> Glas &#8211; Saphirglas <br \/> <strong><\/strong> <\/p>\n<p> <strong>&#8211; GEH\u00c4USE<\/strong> <\/p>\n<p> Geh\u00e4use aus Geb\u00fcrstetem Stahl <strong><\/strong><\/p>\n<p> Geh\u00e4usefarbe Stahl<\/p>\n<p> Geh\u00e4useform &#8211; Rund<\/p>\n<p> &#8211; Durchmesser des Geh\u00e4uses betr\u00e4gt 45 mm<\/p>\n<p> L\u00fcnette in eine Richtung Drehbare <\/p>\n<p>Material L\u00fcnette &#8211; Stahl Geschliffen <\/p>\n<p> Wasserdicht Bis 5 ATM. <\/p>\n<p> <strong>ARMBAND<\/strong> <\/p>\n<p> &#8211; Armband &#8211; Kautschuk <\/p>\n<p> Verschluss &#8211; Branded ausziehbares Clip <\/p>\n<p> <\/br><\/br><\/br><\/br><\/br><\/br><\/br><\/br><\/br><\/br><\/br><\/br><\/br><\/br><\/br><\/br><\/br><\/br><\/br><\/br><\/br><\/br><\/br><\/br><\/br><\/br><\/br><\/br><\/br><\/br><\/br><\/br><\/br><\/br><\/br><\/br><\/br><\/br><\/br><\/br><\/br><\/br><\/br><\/br><\/br><\/br><\/br><\/br><\/br><\/p>","protected":false},"excerpt":{"rendered":"<p>Paul &#8211; Herrenuhr &#8211; Stil &#8211; klassische Musik\/Casual MECHANISMUS Mechanismus &#8211; Schweiz Typ des Mechanismus &#8211; Mechanik mit automatischem Aufzug Kaliber ETA cal. 2836 Funktionen &#8211; Stunden-und Minutenzeiger, Sekundenzeiger, Datum. Gangreserve von Etwa 42 Stunden ZIFFERBLATT Glas &#8211; Saphirglas &#8211; GEH\u00c4USE Geh\u00e4use aus Geb\u00fcrstetem Stahl Geh\u00e4usefarbe Stahl Geh\u00e4useform &#8211; Rund &#8211; Durchmesser des Geh\u00e4uses betr\u00e4gt [&hellip;]<\/p>","protected":false},"featured_media":10769,"template":"","meta":{"_acf_changed":false,"inline_featured_image":false},"product_brand":[],"product_cat":[1481,1244,1068],"product_tag":[],"class_list":{"0":"post-10768","1":"product","2":"type-product","3":"status-publish","4":"has-post-thumbnail","6":"product_cat-avenger","7":"product_cat-breitling","8":"product_cat-uhr","9":"pa_armband-kautschuk","10":"pa_farbe-silber","11":"pa_form-des-gehaeuses-runde","12":"pa_funktionen-die-stunden-und-minutenzeiger-sekundenzeiger-datum","13":"pa_gangreserve-ungefaehr-42-stunden","14":"pa_gehaeusedurchmesser-45-mm","15":"pa_gehaeusefarbe-stahl","16":"pa_gehaeusematerial-aus-gebuerstetem-stahl","17":"pa_geschlecht-mens-watch-style","18":"pa_kaliber-eta-cal-2836","19":"pa_material-luenette-aus-gebuerstetem-stahl","20":"pa_stil-klassische-musik-casual","21":"pa_typ-kautschuk","22":"pa_typ-des-mechanismus-mechanik-mit-automatischem-aufzug","23":"pa_verschluss-branded-ausziehbares-clip","25":"first","26":"instock","27":"purchasable","28":"product-type-simple"},"acf":[],"_links":{"self":[{"href":"https:\/\/luxhoron.com\/fr\/wp-json\/wp\/v2\/product\/10768","targetHints":{"allow":["GET"]}}],"collection":[{"href":"https:\/\/luxhoron.com\/fr\/wp-json\/wp\/v2\/product"}],"about":[{"href":"https:\/\/luxhoron.com\/fr\/wp-json\/wp\/v2\/types\/product"}],"wp:featuredmedia":[{"embeddable":true,"href":"https:\/\/luxhoron.com\/fr\/wp-json\/wp\/v2\/media\/10769"}],"wp:attachment":[{"href":"https:\/\/luxhoron.com\/fr\/wp-json\/wp\/v2\/media?parent=10768"}],"wp:term":[{"taxonomy":"product_brand","embeddable":true,"href":"https:\/\/luxhoron.com\/fr\/wp-json\/wp\/v2\/product_brand?post=10768"},{"taxonomy":"product_cat","embeddable":true,"href":"https:\/\/luxhoron.com\/fr\/wp-json\/wp\/v2\/product_cat?post=10768"},{"taxonomy":"product_tag","embeddable":true,"href":"https:\/\/luxhoron.com\/fr\/wp-json\/wp\/v2\/product_tag?post=10768"}],"curies":[{"name":"wp","href":"https:\/\/api.w.org\/{rel}","templated":true}]}}