{"id":10516,"date":"2025-10-13T08:54:56","date_gmt":"2025-10-13T05:54:56","guid":{"rendered":"https:\/\/luxhoron.com\/product\/patek-philippe-aquanaut-ladies-5\/"},"modified":"2025-12-16T20:14:11","modified_gmt":"2025-12-16T17:14:11","slug":"patek-philippe-aquanaut-ladies-5","status":"publish","type":"product","link":"https:\/\/luxhoron.com\/fr\/product\/patek-philippe-aquanaut-ladies-5\/","title":{"rendered":"Patek Philippe Aquanaut Dames"},"content":{"rendered":"<p>Sammlung-Patek Philippe Aquanaut Ladies<br \/>Boden Damenuhr<br \/>Stil &#8211; Klassiker<\/p>\n<p><strong>MECHANISMUS<\/strong><\/p>\n<p>Mechanismus &#8211; Schweiz<br \/>Typ des Mechanismus -Mechanik mit automatischem Aufzug cal. 324 S C<br \/>Funktionen &#8211; Stunden-und Minutenzeiger, Sekundenzeiger, Datum<br \/>Gangreserve von Etwa 42 Stunden<\/p>\n<p><strong>ZIFFERBLATT<\/strong><\/p>\n<p>Glas &#8211; Saphirglas<br \/>Zifferblatt -Guilloche &#8211;<br \/>Zifferblatt Farbe -Perlmutt <br \/>Indexe -arabischen Ziffern<\/p>\n<p><strong>GEH\u00c4USE<\/strong><\/p>\n<p>&#8211; Material Geh\u00e4use -Edelstahl 316L<br \/>Geh\u00e4usefarbe -Gold &#8211;<br \/>Geh\u00e4useform &#8211; Rund<br \/>Geh\u00e4usedurchmesser -36 mm<br \/>L\u00fcnette -Feste<br \/>Material L\u00fcnette -aus Geb\u00fcrstetem Stahl Intarsien mit Kristallen von Swarovski<br \/>Wasserdicht Bis 10 ATM.<\/p>\n<p><strong>ARMBAND<\/strong><\/p>\n<p>&#8211; Armband &#8211; Kautschuk<br \/>Verschluss &#8211; Branded ausziehbares Clip<\/br><\/br><\/br><\/br><\/br><\/br><\/br><\/br><\/br><\/br><\/br><\/br><\/br><\/br><\/br><\/br><\/br><\/br><\/br><\/br><\/br><\/br><\/br><\/br><\/br><\/br><\/br><\/br><\/br><\/br><\/br><br \/>Collection-Patek Philippe Aquanaut Ladies<br \/>Boden Damenuhr<br \/>Stil &#8211; Klassiker<\/p>\n<p><strong>MECHANISMUS<\/strong><\/p>\n<p>Mechanismus &#8211; Schweiz<br \/>Typ des Mechanismus -Mechanik mit automatischem Aufzug cal. 324 S C<br \/>Funktionen &#8211; Stunden-und Minutenzeiger, Sekundenzeiger, Datum<br \/>Gangreserve von Etwa 42 Stunden<\/p>\n<p><strong>ZIFFERBLATT<\/strong><\/p>\n<p>Glas &#8211; Saphirglas<br \/>Zifferblatt -Guilloche &#8211;<br \/>Zifferblatt Farbe -Perlmutt <br \/>Indexe -arabischen Ziffern<\/p>\n<p><strong>GEH\u00c4USE<\/strong><\/p>\n<p>&#8211; Material Geh\u00e4use -Edelstahl 316L<br \/>Geh\u00e4usefarbe -Gold &#8211;<br \/>Geh\u00e4useform &#8211; Rund<br \/>Geh\u00e4usedurchmesser -36 mm<br \/>L\u00fcnette -Feste<br \/>Material L\u00fcnette -aus Geb\u00fcrstetem Stahl Intarsien mit Kristallen von Swarovski<br \/>Wasserdicht Bis 10 ATM.<\/p>\n<p><strong>ARMBAND<\/strong><\/p>\n<p>&#8211; Armband &#8211; Kautschuk<br \/>Verschluss &#8211; Branded ausziehbares Clip<\/br><\/br><\/br><\/br><\/br><\/br><\/br><\/br><\/br><\/br><\/br><\/br><\/br><\/br><\/br><\/br><\/br><\/br><\/br><\/br><\/br><\/br><\/br><\/br><\/br><\/br><\/br><\/br><\/br><\/br><\/br><\/p>","protected":false},"excerpt":{"rendered":"<p>Sammlung-Patek Philippe Aquanaut LadiesBoden DamenuhrStil &#8211; Klassiker MECHANISMUS Mechanismus &#8211; SchweizTyp des Mechanismus -Mechanik mit automatischem Aufzug cal. 324 S CFunktionen &#8211; Stunden-und Minutenzeiger, Sekundenzeiger, DatumGangreserve von Etwa 42 Stunden ZIFFERBLATT Glas &#8211; SaphirglasZifferblatt -Guilloche &#8211;Zifferblatt Farbe -Perlmutt Indexe -arabischen Ziffern GEH\u00c4USE &#8211; Material Geh\u00e4use -Edelstahl 316LGeh\u00e4usefarbe -Gold &#8211;Geh\u00e4useform &#8211; RundGeh\u00e4usedurchmesser -36 mmL\u00fcnette -FesteMaterial L\u00fcnette [&hellip;]<\/p>","protected":false},"featured_media":10517,"template":"","meta":{"_acf_changed":false,"inline_featured_image":false},"product_brand":[],"product_cat":[1452,1158,1068],"product_tag":[],"class_list":{"0":"post-10516","1":"product","2":"type-product","3":"status-publish","4":"has-post-thumbnail","6":"product_cat-ladies","7":"product_cat-patek-philippe","8":"product_cat-uhr","9":"pa_armband-kautschuk","10":"pa_farbe-des-zifferblatts-perlglanz","11":"pa_form-des-gehaeuses-round","12":"pa_funktionen-die-stunden-und-minutenzeiger-sekundenzeiger-datum","13":"pa_gangreserve-ungefaehr-42-stunden","14":"pa_gehaeusedurchmesser-36-mm","15":"pa_gehaeusefarbe-gold","16":"pa_gehaeusematerial-polierter-stahl-316l","17":"pa_geschlecht-damenuhr","18":"pa_material-luenette-aus-gebuerstetem-stahl-intarsien-mit-swarovski-kristallen","19":"pa_sammlung-patek-philippe-aquanaut-ladies","20":"pa_stil-klassiker","21":"pa_stundenmarker-arabische-ziffern","22":"pa_typ-des-mechanismus-mechanik-mit-automatischem-aufzug-cal-324-s-c","23":"pa_verschluss-branded-ausziehbares-clip","24":"pa_zifferblatt-guillochiert","26":"first","27":"instock","28":"purchasable","29":"product-type-simple"},"acf":[],"_links":{"self":[{"href":"https:\/\/luxhoron.com\/fr\/wp-json\/wp\/v2\/product\/10516","targetHints":{"allow":["GET"]}}],"collection":[{"href":"https:\/\/luxhoron.com\/fr\/wp-json\/wp\/v2\/product"}],"about":[{"href":"https:\/\/luxhoron.com\/fr\/wp-json\/wp\/v2\/types\/product"}],"wp:featuredmedia":[{"embeddable":true,"href":"https:\/\/luxhoron.com\/fr\/wp-json\/wp\/v2\/media\/10517"}],"wp:attachment":[{"href":"https:\/\/luxhoron.com\/fr\/wp-json\/wp\/v2\/media?parent=10516"}],"wp:term":[{"taxonomy":"product_brand","embeddable":true,"href":"https:\/\/luxhoron.com\/fr\/wp-json\/wp\/v2\/product_brand?post=10516"},{"taxonomy":"product_cat","embeddable":true,"href":"https:\/\/luxhoron.com\/fr\/wp-json\/wp\/v2\/product_cat?post=10516"},{"taxonomy":"product_tag","embeddable":true,"href":"https:\/\/luxhoron.com\/fr\/wp-json\/wp\/v2\/product_tag?post=10516"}],"curies":[{"name":"wp","href":"https:\/\/api.w.org\/{rel}","templated":true}]}}