{"id":10379,"date":"2025-10-13T08:47:05","date_gmt":"2025-10-13T05:47:05","guid":{"rendered":"https:\/\/luxhoron.com\/product\/patek-philippe-nautilus-30\/"},"modified":"2025-12-16T20:14:12","modified_gmt":"2025-12-16T17:14:12","slug":"patek-philippe-nautilus-30","status":"publish","type":"product","link":"https:\/\/luxhoron.com\/fr\/product\/patek-philippe-nautilus-30\/","title":{"rendered":"Patek Philippe Nautilus"},"content":{"rendered":"<p>Sammlung-Patek Philippe Nautlius<br \/>Paul Damenuhr<br \/>Stil &#8211; Klassiker<\/p>\n<p><strong>MECHANISMUS<\/strong><\/p>\n<p>Mechanismus &#8211; Schweiz<br \/>Typ des Mechanismus -Mechanik mit automatischem Aufzug cal. 324 S C<br \/>Funktionen &#8211; Stunden-und Minutenzeiger, Sekundenzeiger, Datum<br \/>Gangreserve von Etwa 42 Stunden<\/p>\n<p><strong>ZIFFERBLATT<\/strong><\/p>\n<p>Glas &#8211; Saphirglas<br \/>Zifferblatt -Guilloche &#8211;<br \/>Zifferblatt Farbe -Braun<br \/>Indexe -Zeiger<\/p>\n<p><strong>GEH\u00c4USE<\/strong><\/p>\n<p>&#8211; Material Geh\u00e4use -Edelstahl 316L<br \/>Geh\u00e4use-Farbe &#8211; Rose Gold<br \/>Form des Geh\u00e4uses &#8211; Quadrat<br \/>Geh\u00e4usedurchmesser -40 mm<br \/>L\u00fcnette -Feste<br \/>Material L\u00fcnette -Stahl Geschliffen<br \/>Wasserdicht Bis 10 ATM.<\/p>\n<p><strong>ARMBAND<\/strong><\/p>\n<p>&#8211; Armband &#8211; Leder<br \/>Verschluss &#8211; Branded ausziehbares Clip<\/br><\/br><\/br><\/br><\/br><\/br><\/br><\/br><\/br><\/br><\/br><\/br><\/br><\/br><\/br><\/br><\/br><\/br><\/br><\/br><\/br><\/br><\/br><\/br><\/br><\/br><\/br><\/br><\/br><\/br><\/br><br \/>Collection-Patek Philippe Nautlius<br \/>Paul Damenuhr<br \/>Stil &#8211; Klassiker<\/p>\n<p><strong>MECHANISMUS<\/strong><\/p>\n<p>Mechanismus &#8211; Schweiz<br \/>Typ des Mechanismus -Mechanik mit automatischem Aufzug cal. 324 S C<br \/>Funktionen &#8211; Stunden-und Minutenzeiger, Sekundenzeiger, Datum<br \/>Gangreserve von Etwa 42 Stunden<\/p>\n<p><strong>ZIFFERBLATT<\/strong><\/p>\n<p>Glas &#8211; Saphirglas<br \/>Zifferblatt -Guilloche &#8211;<br \/>Zifferblatt Farbe -Braun<br \/>Indexe -Zeiger<\/p>\n<p><strong>GEH\u00c4USE<\/strong><\/p>\n<p>&#8211; Material Geh\u00e4use -Edelstahl 316L<br \/>Geh\u00e4use-Farbe &#8211; Rose Gold<br \/>Form des Geh\u00e4uses &#8211; Quadrat<br \/>Geh\u00e4usedurchmesser -40 mm<br \/>L\u00fcnette -Feste<br \/>Material L\u00fcnette -Stahl Geschliffen<br \/>Wasserdicht Bis 10 ATM.<\/p>\n<p><strong>ARMBAND<\/strong><\/p>\n<p>&#8211; Armband &#8211; Leder<br \/>Verschluss &#8211; Branded ausziehbares Clip<\/br><\/br><\/br><\/br><\/br><\/br><\/br><\/br><\/br><\/br><\/br><\/br><\/br><\/br><\/br><\/br><\/br><\/br><\/br><\/br><\/br><\/br><\/br><\/br><\/br><\/br><\/br><\/br><\/br><\/br><\/br><\/p>","protected":false},"excerpt":{"rendered":"<p>Sammlung-Patek Philippe NautliusPaul DamenuhrStil &#8211; Klassiker MECHANISMUS Mechanismus &#8211; SchweizTyp des Mechanismus -Mechanik mit automatischem Aufzug cal. 324 S CFunktionen &#8211; Stunden-und Minutenzeiger, Sekundenzeiger, DatumGangreserve von Etwa 42 Stunden ZIFFERBLATT Glas &#8211; SaphirglasZifferblatt -Guilloche &#8211;Zifferblatt Farbe -BraunIndexe -Zeiger GEH\u00c4USE &#8211; Material Geh\u00e4use -Edelstahl 316LGeh\u00e4use-Farbe &#8211; Rose GoldForm des Geh\u00e4uses &#8211; QuadratGeh\u00e4usedurchmesser -40 mmL\u00fcnette -FesteMaterial L\u00fcnette [&hellip;]<\/p>","protected":false},"featured_media":10380,"template":"","meta":{"_acf_changed":false,"inline_featured_image":false},"product_brand":[],"product_cat":[1417,1158,1068],"product_tag":[],"class_list":{"0":"post-10379","1":"product","2":"type-product","3":"status-publish","4":"has-post-thumbnail","6":"product_cat-nautilus","7":"product_cat-patek-philippe","8":"product_cat-uhr","9":"pa_armband-leder","10":"pa_farbe-des-zifferblatts-braun","11":"pa_form-des-gehaeuses-quadrat","12":"pa_funktionen-die-stunden-und-minutenzeiger-sekundenzeiger-datum","13":"pa_gangreserve-ungefaehr-42-stunden","14":"pa_gehaeusedurchmesser-40-mm","15":"pa_gehaeusefarbe-rose-gold","16":"pa_gehaeusematerial-polierter-stahl-316l","17":"pa_geschlecht-damenuhr","18":"pa_material-luenette-aus-gebuerstetem-stahl","19":"pa_sammlung-patek-philippe-nautlius","20":"pa_stil-klassiker","21":"pa_stundenmarker-zeiger","22":"pa_typ-des-mechanismus-mechanik-mit-automatischem-aufzug-cal-324-s-c","23":"pa_verschluss-branded-ausziehbares-clip","24":"pa_zifferblatt-guillochiert","26":"first","27":"instock","28":"purchasable","29":"product-type-simple"},"acf":[],"_links":{"self":[{"href":"https:\/\/luxhoron.com\/fr\/wp-json\/wp\/v2\/product\/10379","targetHints":{"allow":["GET"]}}],"collection":[{"href":"https:\/\/luxhoron.com\/fr\/wp-json\/wp\/v2\/product"}],"about":[{"href":"https:\/\/luxhoron.com\/fr\/wp-json\/wp\/v2\/types\/product"}],"wp:featuredmedia":[{"embeddable":true,"href":"https:\/\/luxhoron.com\/fr\/wp-json\/wp\/v2\/media\/10380"}],"wp:attachment":[{"href":"https:\/\/luxhoron.com\/fr\/wp-json\/wp\/v2\/media?parent=10379"}],"wp:term":[{"taxonomy":"product_brand","embeddable":true,"href":"https:\/\/luxhoron.com\/fr\/wp-json\/wp\/v2\/product_brand?post=10379"},{"taxonomy":"product_cat","embeddable":true,"href":"https:\/\/luxhoron.com\/fr\/wp-json\/wp\/v2\/product_cat?post=10379"},{"taxonomy":"product_tag","embeddable":true,"href":"https:\/\/luxhoron.com\/fr\/wp-json\/wp\/v2\/product_tag?post=10379"}],"curies":[{"name":"wp","href":"https:\/\/api.w.org\/{rel}","templated":true}]}}