{"id":10055,"date":"2025-10-13T08:28:03","date_gmt":"2025-10-13T05:28:03","guid":{"rendered":"https:\/\/luxhoron.com\/product\/panerai-submersible-12\/"},"modified":"2025-12-16T20:34:05","modified_gmt":"2025-12-16T17:34:05","slug":"panerai-submersible-12","status":"publish","type":"product","link":"https:\/\/luxhoron.com\/fr\/product\/panerai-submersible-12\/","title":{"rendered":"Panerai Submersible"},"content":{"rendered":"<p>Kollektion Submersible<br \/>Paul -Herrenuhr<br \/>Stil &#8211; Klassiker<\/p>\n<p><strong>MECHANISMUS<\/strong><\/p>\n<p>Mechanismus &#8211; Schweiz<br \/>Typ des Mechanismus -Mechanik mit automatischem Aufzug<br \/>Kaliber Mechanismus &#8211; Panerai cal. P. 9010<br \/>Funktionen -Stunden-und Minutenzeiger, Sekundenzeiger, Datum<br \/>Gangreserve von Etwa 42 Stunden<\/p>\n<p><strong>ZIFFERBLATT<\/strong><\/p>\n<p>Glas &#8211; Saphirglas<br \/>Zifferblatt &#8211; Glatte<br \/>Farbe Zifferblatt Schwarz &#8211;<br \/>Indexe &#8211; Zeiger, Bedeckt \u0441\u0432\u0435\u0442\u043e\u043d\u0430\u043a\u043e\u043f\u0438\u0442\u0435\u043b\u0435\u043c SuperLuminova<\/p>\n<p><strong>GEH\u00c4USE<\/strong><\/p>\n<p>Geh\u00e4usematerial: Titan<br \/>Geh\u00e4usefarbe Stahl<br \/>Geh\u00e4useform &#8211; Rund<br \/>Geh\u00e4usedurchmesser -47 mm<br \/>Material L\u00fcnette -Titan<br \/>Wasserdicht Bis 10 ATM.<\/p>\n<p><strong>ARMBAND<\/strong><\/p>\n<p>&#8211; Armband &#8211; Nylon &#8211;<br \/>Rei\u00dfverschluss &#8211; Klassische Verschluss<\/br><\/br><\/br><\/br><\/br><\/br><\/br><\/br><\/br><\/br><\/br><\/br><\/br><\/br><\/br><\/br><\/br><\/br><\/br><\/br><\/br><\/br><\/br><\/br><\/br><\/br><\/br><\/br><\/br><\/br><\/br><br \/> -Sammlung-Submersible<br \/>Paul -Herrenuhr<br \/>Stil &#8211; Klassiker<\/p>\n<p><strong>MECHANISMUS<\/strong><\/p>\n<p>Mechanismus &#8211; Schweiz<br \/>Typ des Mechanismus -Mechanik mit automatischem Aufzug<br \/>Kaliber Mechanismus &#8211; Panerai cal. P. 9010<br \/>Funktionen -Stunden-und Minutenzeiger, Sekundenzeiger, Datum<br \/>Gangreserve von Etwa 42 Stunden<\/p>\n<p><strong>ZIFFERBLATT<\/strong><\/p>\n<p>Glas &#8211; Saphirglas<br \/>Zifferblatt &#8211; Glatte<br \/>Farbe Zifferblatt Schwarz &#8211;<br \/>Indexe &#8211; Zeiger, Bedeckt \u0441\u0432\u0435\u0442\u043e\u043d\u0430\u043a\u043e\u043f\u0438\u0442\u0435\u043b\u0435\u043c SuperLuminova<\/p>\n<p><strong>GEH\u00c4USE<\/strong><\/p>\n<p>Geh\u00e4usematerial: Titan<br \/>Geh\u00e4usefarbe Stahl<br \/>Geh\u00e4useform &#8211; Rund<br \/>Geh\u00e4usedurchmesser -47 mm<br \/>Material L\u00fcnette -Titan<br \/>Wasserdicht Bis 10 ATM.<\/p>\n<p><strong>ARMBAND<\/strong><\/p>\n<p>&#8211; Armband &#8211; Nylon &#8211;<br \/>Rei\u00dfverschluss &#8211; Klassische Verschluss<\/br><\/br><\/br><\/br><\/br><\/br><\/br><\/br><\/br><\/br><\/br><\/br><\/br><\/br><\/br><\/br><\/br><\/br><\/br><\/br><\/br><\/br><\/br><\/br><\/br><\/br><\/br><\/br><\/br><\/br><\/br><\/p>","protected":false},"excerpt":{"rendered":"<p>Kollektion SubmersiblePaul -HerrenuhrStil &#8211; Klassiker MECHANISMUS Mechanismus &#8211; SchweizTyp des Mechanismus -Mechanik mit automatischem AufzugKaliber Mechanismus &#8211; Panerai cal. P. 9010Funktionen -Stunden-und Minutenzeiger, Sekundenzeiger, DatumGangreserve von Etwa 42 Stunden ZIFFERBLATT Glas &#8211; SaphirglasZifferblatt &#8211; GlatteFarbe Zifferblatt Schwarz &#8211;Indexe &#8211; Zeiger, Bedeckt \u0441\u0432\u0435\u0442\u043e\u043d\u0430\u043a\u043e\u043f\u0438\u0442\u0435\u043b\u0435\u043c SuperLuminova GEH\u00c4USE Geh\u00e4usematerial: TitanGeh\u00e4usefarbe StahlGeh\u00e4useform &#8211; RundGeh\u00e4usedurchmesser -47 mmMaterial L\u00fcnette -TitanWasserdicht Bis 10 [&hellip;]<\/p>","protected":false},"featured_media":10056,"template":"","meta":{"_acf_changed":false,"inline_featured_image":false},"product_brand":[],"product_cat":[1400,1401,1068],"product_tag":[],"class_list":{"0":"post-10055","1":"product","2":"type-product","3":"status-publish","4":"has-post-thumbnail","6":"product_cat-panerai","7":"product_cat-submersible","8":"product_cat-uhr","9":"pa_armband-nylon","10":"pa_farbe-des-zifferblatts-schwarz","11":"pa_form-des-gehaeuses-round","12":"pa_funktionen-die-stunden-und-minutenzeiger-sekundenzeiger-datum","13":"pa_gangreserve-ungefaehr-42-stunden","14":"pa_gehaeusedurchmesser-47-mm","15":"pa_gehaeusefarbe-stahl","16":"pa_gehaeusematerial-titan","17":"pa_geschlecht-herrenuhr","18":"pa_kaliber-mechanismus-panerai-cal-p-9010","19":"pa_material-luenette-titan","20":"pa_sammlung-submersible","21":"pa_stil-klassiker","22":"pa_stundenmarker-zeiger-bedeckt-svetonakopitelem-superluminova","23":"pa_typ-des-mechanismus-mechanik-mit-automatischem-aufzug","24":"pa_verschluss-der-klassische-verschluss","25":"pa_zifferblatt-glatt","27":"first","28":"instock","29":"purchasable","30":"product-type-simple"},"acf":[],"_links":{"self":[{"href":"https:\/\/luxhoron.com\/fr\/wp-json\/wp\/v2\/product\/10055","targetHints":{"allow":["GET"]}}],"collection":[{"href":"https:\/\/luxhoron.com\/fr\/wp-json\/wp\/v2\/product"}],"about":[{"href":"https:\/\/luxhoron.com\/fr\/wp-json\/wp\/v2\/types\/product"}],"wp:featuredmedia":[{"embeddable":true,"href":"https:\/\/luxhoron.com\/fr\/wp-json\/wp\/v2\/media\/10056"}],"wp:attachment":[{"href":"https:\/\/luxhoron.com\/fr\/wp-json\/wp\/v2\/media?parent=10055"}],"wp:term":[{"taxonomy":"product_brand","embeddable":true,"href":"https:\/\/luxhoron.com\/fr\/wp-json\/wp\/v2\/product_brand?post=10055"},{"taxonomy":"product_cat","embeddable":true,"href":"https:\/\/luxhoron.com\/fr\/wp-json\/wp\/v2\/product_cat?post=10055"},{"taxonomy":"product_tag","embeddable":true,"href":"https:\/\/luxhoron.com\/fr\/wp-json\/wp\/v2\/product_tag?post=10055"}],"curies":[{"name":"wp","href":"https:\/\/api.w.org\/{rel}","templated":true}]}}