{"id":10035,"date":"2025-10-13T08:26:16","date_gmt":"2025-10-13T05:26:16","guid":{"rendered":"https:\/\/luxhoron.com\/product\/panerai-submersible-4\/"},"modified":"2025-12-16T20:34:06","modified_gmt":"2025-12-16T17:34:06","slug":"panerai-submersible-4","status":"publish","type":"product","link":"https:\/\/luxhoron.com\/fr\/product\/panerai-submersible-4\/","title":{"rendered":"Panerai Submersible"},"content":{"rendered":"<p>Kollektion -die Luminor Submersible 1950 Amagnetic 3 Days Automatic Titanio-47mm<br \/>Paul -Herrenuhr<br \/>Stil &#8211; Klassiker<\/p>\n<p><strong>MECHANISMUS<\/strong><\/p>\n<p>Mechanismus &#8211; Schweiz<br \/>Typ des Mechanismus &#8211; Mechanik mit Handaufzug<br \/>Mechanismus Kaliber P. 9000<br \/>Funktionen -Stunden-und Minutenzeiger, Sekundenzeiger, Datum<br \/>Gangreserve von Etwa 42 Stunden<\/p>\n<p><strong>ZIFFERBLATT<\/strong><\/p>\n<p>Glas &#8211; Saphirglas<br \/>Zifferblatt &#8211; ein Schlankes<br \/>Zifferblatt Farbe -Blau<br \/>Indexe &#8211; Zeiger<\/p>\n<p><strong>GEH\u00c4USE<\/strong><\/p>\n<p>&#8211; Material Geh\u00e4use &#8211; Titan, Carbon <br \/>Farbe des Geh\u00e4uses Schwarz<br \/>Form des Geh\u00e4uses &#8211; Rund<br \/>Geh\u00e4usedurchmesser -47 mm<br \/>L\u00fcnette in eine Richtung Drehbare<br \/>Material L\u00fcnette Stahl<br \/>Wasserdicht Bis 10 ATM.<\/p>\n<p><strong>ARMBAND<\/strong><\/p>\n<p>&#8211; Armband -Gummi &#8211;<br \/>Rei\u00dfverschluss &#8211; Klassische Verschluss<\/br><\/br><\/br><\/br><\/br><\/br><\/br><\/br><\/br><\/br><\/br><\/br><\/br><\/br><\/br><\/br><\/br><\/br><\/br><\/br><\/br><\/br><\/br><\/br><\/br><\/br><\/br><\/br><\/br><\/br><\/br><\/br><br \/> -Sammlung-Luminor Submersible 1950 Amagnetic 3 Days Automatic Titanio-47mm<br \/>Paul -Herrenuhr<br \/>Stil &#8211; Klassiker<\/p>\n<p><strong>MECHANISMUS<\/strong><\/p>\n<p>Mechanismus &#8211; Schweiz<br \/>Typ des Mechanismus &#8211; Mechanik mit Handaufzug<br \/>Mechanismus Kaliber P. 9000<br \/>Funktionen -Stunden-und Minutenzeiger, Sekundenzeiger, Datum<br \/>Gangreserve von Etwa 42 Stunden<\/p>\n<p><strong>ZIFFERBLATT<\/strong><\/p>\n<p>Glas &#8211; Saphirglas<br \/>Zifferblatt &#8211; ein Schlankes<br \/>Zifferblatt Farbe -Blau<br \/>Indexe &#8211; Zeiger<\/p>\n<p><strong>GEH\u00c4USE<\/strong><\/p>\n<p>&#8211; Material Geh\u00e4use &#8211; Titan, Carbon <br \/>Farbe des Geh\u00e4uses Schwarz<br \/>Form des Geh\u00e4uses &#8211; Rund<br \/>Geh\u00e4usedurchmesser -47 mm<br \/>L\u00fcnette in eine Richtung Drehbare<br \/>Material L\u00fcnette Stahl<br \/>Wasserdicht Bis 10 ATM.<\/p>\n<p><strong>ARMBAND<\/strong><\/p>\n<p>&#8211; Armband -Gummi &#8211;<br \/>Rei\u00dfverschluss &#8211; Klassische Verschluss<\/br><\/br><\/br><\/br><\/br><\/br><\/br><\/br><\/br><\/br><\/br><\/br><\/br><\/br><\/br><\/br><\/br><\/br><\/br><\/br><\/br><\/br><\/br><\/br><\/br><\/br><\/br><\/br><\/br><\/br><\/br><\/br><\/p>","protected":false},"excerpt":{"rendered":"<p>Kollektion -die Luminor Submersible 1950 Amagnetic 3 Days Automatic Titanio-47mmPaul -HerrenuhrStil &#8211; Klassiker MECHANISMUS Mechanismus &#8211; SchweizTyp des Mechanismus &#8211; Mechanik mit HandaufzugMechanismus Kaliber P. 9000Funktionen -Stunden-und Minutenzeiger, Sekundenzeiger, DatumGangreserve von Etwa 42 Stunden ZIFFERBLATT Glas &#8211; SaphirglasZifferblatt &#8211; ein SchlankesZifferblatt Farbe -BlauIndexe &#8211; Zeiger GEH\u00c4USE &#8211; Material Geh\u00e4use &#8211; Titan, Carbon Farbe des Geh\u00e4uses [&hellip;]<\/p>","protected":false},"featured_media":10036,"template":"","meta":{"_acf_changed":false,"inline_featured_image":false},"product_brand":[],"product_cat":[1400,1401,1068],"product_tag":[],"class_list":{"0":"post-10035","1":"product","2":"type-product","3":"status-publish","4":"has-post-thumbnail","6":"product_cat-panerai","7":"product_cat-submersible","8":"product_cat-uhr","9":"pa_armband-rubber","10":"pa_farbe-des-zifferblatts-blau","11":"pa_form-des-gehaeuses-round","12":"pa_funktionen-die-stunden-und-minutenzeiger-sekundenzeiger-datum","13":"pa_gangreserve-ungefaehr-42-stunden","14":"pa_gehaeusedurchmesser-47-mm","15":"pa_gehaeusefarbe-schwarz","16":"pa_gehaeusematerial-titan-carbon","17":"pa_geschlecht-herrenuhr","18":"pa_kaliber-mechanismus-p-9000","19":"pa_material-luenette-stahl","20":"pa_sammlung-luminor-submersible-1950-amagnetic-3-days-automatic-titanio-47mm","21":"pa_stil-klassiker","22":"pa_stundenmarker-zeiger","23":"pa_typ-des-mechanismus-mechanik-mit-automatischem-aufzug","24":"pa_verschluss-der-klassische-verschluss","25":"pa_zifferblatt-glatt","27":"first","28":"instock","29":"purchasable","30":"product-type-simple"},"acf":[],"_links":{"self":[{"href":"https:\/\/luxhoron.com\/fr\/wp-json\/wp\/v2\/product\/10035","targetHints":{"allow":["GET"]}}],"collection":[{"href":"https:\/\/luxhoron.com\/fr\/wp-json\/wp\/v2\/product"}],"about":[{"href":"https:\/\/luxhoron.com\/fr\/wp-json\/wp\/v2\/types\/product"}],"wp:featuredmedia":[{"embeddable":true,"href":"https:\/\/luxhoron.com\/fr\/wp-json\/wp\/v2\/media\/10036"}],"wp:attachment":[{"href":"https:\/\/luxhoron.com\/fr\/wp-json\/wp\/v2\/media?parent=10035"}],"wp:term":[{"taxonomy":"product_brand","embeddable":true,"href":"https:\/\/luxhoron.com\/fr\/wp-json\/wp\/v2\/product_brand?post=10035"},{"taxonomy":"product_cat","embeddable":true,"href":"https:\/\/luxhoron.com\/fr\/wp-json\/wp\/v2\/product_cat?post=10035"},{"taxonomy":"product_tag","embeddable":true,"href":"https:\/\/luxhoron.com\/fr\/wp-json\/wp\/v2\/product_tag?post=10035"}],"curies":[{"name":"wp","href":"https:\/\/api.w.org\/{rel}","templated":true}]}}