{"id":10019,"date":"2025-10-13T08:26:16","date_gmt":"2025-10-13T05:26:16","guid":{"rendered":"https:\/\/luxhoron.com\/product\/panerai-submersible-2\/"},"modified":"2025-12-16T20:34:06","modified_gmt":"2025-12-16T17:34:06","slug":"panerai-submersible-2","status":"publish","type":"product","link":"https:\/\/luxhoron.com\/fr\/product\/panerai-submersible-2\/","title":{"rendered":"Panerai Submersible"},"content":{"rendered":"<p>Kollektion Submersible <\/p>\n<p> Paul -Herrenuhr <\/p>\n<p> Stil &#8211; Klassiker <\/p>\n<p> <strong><strong>MECHANISMUS<\/strong><\/strong> <\/p>\n<p> Mechanismus &#8211; Schweiz <\/p>\n<p> Typ des Mechanismus -Mechanik mit automatischem Aufzug <\/p>\n<p> Funktionen Stunden-und Minutenzeiger, Sekundenzeiger, Datum <\/p>\n<p> Gangreserve von Etwa 42 Stunden <\/p>\n<p> <strong><strong>ZIFFERBLATT<\/strong><\/strong> <\/p>\n<p> Glas &#8211; Saphirglas <\/p>\n<p> Zifferblatt &#8211; Glatte <\/p>\n<p> Farbe Zifferblatt Schwarz &#8211; <\/p>\n<p> Indexe &#8211; Zeiger <\/p>\n<p> <strong><strong>GEH\u00c4USE<\/strong><\/strong> <\/p>\n<p> Material Geh\u00e4use Carbon Titan <\/p>\n<p> Farbe Geh\u00e4use -Titan &#8211; <\/p>\n<p> Form des Geh\u00e4uses &#8211; Rund <\/p>\n<p> Geh\u00e4usedurchmesser -47 mm <\/p>\n<p> L\u00fcnette in eine Richtung Drehbare <\/p>\n<p> Material L\u00fcnette -Carbon <\/p>\n<p> Wasserdicht Bis 10 ATM. <\/p>\n<p> <strong><strong>ARMBAND<\/strong><\/strong> <\/p>\n<p> &#8211; Armband &#8211; Leder<\/p>\n<p> Verschluss &#8211; der Klassische Verschluss <\/p>\n<p><\/br><\/br><\/br><\/br><\/br><\/br><\/br><\/br><\/br><\/br><\/br><\/br><\/br><\/br><\/br><\/br><\/br><\/br><\/br><\/br><\/br><\/br><\/br><\/br><\/br><\/br><\/br><\/br><\/br><\/br><\/br><\/br><\/br><\/br><\/br><\/br><\/br><\/br><\/br><\/br><\/br><\/br><\/br><\/br><\/br><\/br><\/br><\/br><\/br><br \/> -Sammlung-Submersible <\/p>\n<p> Paul -Herrenuhr <\/p>\n<p> Stil &#8211; Klassiker <\/p>\n<p> <strong><strong>MECHANISMUS<\/strong><\/strong> <\/p>\n<p> Mechanismus &#8211; Schweiz <\/p>\n<p> Typ des Mechanismus -Mechanik mit automatischem Aufzug <\/p>\n<p> Funktionen Stunden-und Minutenzeiger, Sekundenzeiger, Datum <\/p>\n<p> Gangreserve von Etwa 42 Stunden <\/p>\n<p> <strong><strong>ZIFFERBLATT<\/strong><\/strong> <\/p>\n<p> Glas &#8211; Saphirglas <\/p>\n<p> Zifferblatt &#8211; Glatte <\/p>\n<p> Farbe Zifferblatt Schwarz &#8211; <\/p>\n<p> Indexe &#8211; Zeiger <\/p>\n<p> <strong><strong>GEH\u00c4USE<\/strong><\/strong> <\/p>\n<p> Material Geh\u00e4use Carbon Titan <\/p>\n<p> Farbe Geh\u00e4use -Titan &#8211; <\/p>\n<p> Form des Geh\u00e4uses &#8211; Rund <\/p>\n<p> Geh\u00e4usedurchmesser -47 mm <\/p>\n<p> L\u00fcnette in eine Richtung Drehbare <\/p>\n<p> Material L\u00fcnette -Carbon <\/p>\n<p> Wasserdicht Bis 10 ATM. <\/p>\n<p> <strong><strong>ARMBAND<\/strong><\/strong> <\/p>\n<p> &#8211; Armband &#8211; Leder<\/p>\n<p> Verschluss &#8211; der Klassische Verschluss <\/p>\n<p><\/br><\/br><\/br><\/br><\/br><\/br><\/br><\/br><\/br><\/br><\/br><\/br><\/br><\/br><\/br><\/br><\/br><\/br><\/br><\/br><\/br><\/br><\/br><\/br><\/br><\/br><\/br><\/br><\/br><\/br><\/br><\/br><\/br><\/br><\/br><\/br><\/br><\/br><\/br><\/br><\/br><\/br><\/br><\/br><\/br><\/br><\/br><\/br><\/br><\/p>","protected":false},"excerpt":{"rendered":"<p>Kollektion Submersible Paul -Herrenuhr Stil &#8211; Klassiker MECHANISMUS Mechanismus &#8211; Schweiz Typ des Mechanismus -Mechanik mit automatischem Aufzug Funktionen Stunden-und Minutenzeiger, Sekundenzeiger, Datum Gangreserve von Etwa 42 Stunden ZIFFERBLATT Glas &#8211; Saphirglas Zifferblatt &#8211; Glatte Farbe Zifferblatt Schwarz &#8211; Indexe &#8211; Zeiger GEH\u00c4USE Material Geh\u00e4use Carbon Titan Farbe Geh\u00e4use -Titan &#8211; Form des Geh\u00e4uses &#8211; [&hellip;]<\/p>","protected":false},"featured_media":10020,"template":"","meta":{"_acf_changed":false,"inline_featured_image":false},"product_brand":[],"product_cat":[1400,1401,1068],"product_tag":[],"class_list":{"0":"post-10019","1":"product","2":"type-product","3":"status-publish","4":"has-post-thumbnail","6":"product_cat-panerai","7":"product_cat-submersible","8":"product_cat-uhr","9":"pa_armband-leder","10":"pa_farbe-titan","11":"pa_farbe-des-zifferblatts-schwarz","12":"pa_form-des-gehaeuses-round","13":"pa_funktionen-die-stunden-und-minutenzeiger-sekundenzeiger-datum","14":"pa_gangreserve-ungefaehr-42-stunden","15":"pa_gehaeusedurchmesser-47-mm","16":"pa_gehaeusefarbe-titan","17":"pa_gehaeusematerial-carbon-titan","18":"pa_geschlecht-herrenuhr","19":"pa_material-luenette-carbon","20":"pa_sammlung-submersible","21":"pa_stil-klassiker","22":"pa_stundenmarker-zeiger","23":"pa_typ-leder","24":"pa_typ-des-mechanismus-mechanik-mit-automatischem-aufzug","25":"pa_verschluss-der-klassische-verschluss","26":"pa_zifferblatt-glatt","28":"first","29":"instock","30":"purchasable","31":"product-type-simple"},"acf":[],"_links":{"self":[{"href":"https:\/\/luxhoron.com\/fr\/wp-json\/wp\/v2\/product\/10019","targetHints":{"allow":["GET"]}}],"collection":[{"href":"https:\/\/luxhoron.com\/fr\/wp-json\/wp\/v2\/product"}],"about":[{"href":"https:\/\/luxhoron.com\/fr\/wp-json\/wp\/v2\/types\/product"}],"wp:featuredmedia":[{"embeddable":true,"href":"https:\/\/luxhoron.com\/fr\/wp-json\/wp\/v2\/media\/10020"}],"wp:attachment":[{"href":"https:\/\/luxhoron.com\/fr\/wp-json\/wp\/v2\/media?parent=10019"}],"wp:term":[{"taxonomy":"product_brand","embeddable":true,"href":"https:\/\/luxhoron.com\/fr\/wp-json\/wp\/v2\/product_brand?post=10019"},{"taxonomy":"product_cat","embeddable":true,"href":"https:\/\/luxhoron.com\/fr\/wp-json\/wp\/v2\/product_cat?post=10019"},{"taxonomy":"product_tag","embeddable":true,"href":"https:\/\/luxhoron.com\/fr\/wp-json\/wp\/v2\/product_tag?post=10019"}],"curies":[{"name":"wp","href":"https:\/\/api.w.org\/{rel}","templated":true}]}}